{"id":487,"date":"2023-07-24T13:19:58","date_gmt":"2023-07-24T13:19:58","guid":{"rendered":"https:\/\/delphineplatten.com\/?post_type=product&#038;p=487"},"modified":"2025-08-05T06:25:57","modified_gmt":"2025-08-05T10:25:57","slug":"alene-metallique","status":"publish","type":"product","link":"https:\/\/delphineplatten.com\/en\/product\/alene-metallique\/","title":{"rendered":"Metallic awl"},"content":{"rendered":"<p>Al\u00e8ne en acier inoxydable.<br \/>\nSa forme hexagonale permet une meilleure prise en main et \u00e9vite que l\u2019outil ne roule sur la table de travail.<br \/>\nCette al\u00e8ne permet de faire des petits trous et est donc id\u00e9al pour une couture au fil assez fin (40 ou 60).<\/p>\n<p>Cueillette \u00e0 l&rsquo;atelier uniquement. <\/p>","protected":false},"excerpt":{"rendered":"<p>Dimensions: 160 mm.<br \/>\nCueillette \u00e0 l\u2019atelier seulement. Pas de livraison.<\/p>","protected":false},"featured_media":488,"comment_status":"open","ping_status":"closed","template":"","meta":{"_coblocks_attr":"","_coblocks_dimensions":"","_coblocks_responsive_height":"","_coblocks_accordion_ie_support":""},"product_brand":[],"product_cat":[107,34],"product_tag":[112],"class_list":{"0":"post-487","1":"product","2":"type-product","3":"status-publish","4":"has-post-thumbnail","6":"product_cat-outils","7":"product_cat-outils-materiaux","8":"product_tag-alene-metallique","9":"product_shipping_class-cueillette-a-latelier","10":"entry","12":"first","13":"outofstock","14":"taxable","15":"shipping-taxable","16":"purchasable","17":"product-type-simple"},"yoast_head":"<!-- This site is optimized with the Yoast SEO plugin v27.4 - https:\/\/yoast.com\/product\/yoast-seo-wordpress\/ -->\n<title>Al\u00e8ne m\u00e9tallique | Delphine Platten<\/title>\n<meta name=\"description\" content=\"L&#039;Atelier Delphine Platten propose des cours et des produits exceptionnels consacr\u00e9s \u00e0 l&#039;art de la reliure. Cr\u00e9ations uniques, outils et mat\u00e9riaux, cours en atelier, vous trouverez tout ce dont vous avez besoin.\" \/>\n<meta name=\"robots\" content=\"index, follow, max-snippet:-1, max-image-preview:large, max-video-preview:-1\" \/>\n<link rel=\"canonical\" href=\"https:\/\/delphineplatten.com\/en\/product\/alene-metallique\/\" \/>\n<meta property=\"og:locale\" content=\"en_US\" \/>\n<meta property=\"og:type\" content=\"article\" \/>\n<meta property=\"og:title\" content=\"Al\u00e8ne m\u00e9tallique | Delphine Platten\" \/>\n<meta property=\"og:description\" content=\"L&#039;Atelier Delphine Platten propose des cours et des produits exceptionnels consacr\u00e9s \u00e0 l&#039;art de la reliure. Cr\u00e9ations uniques, outils et mat\u00e9riaux, cours en atelier, vous trouverez tout ce dont vous avez besoin.\" \/>\n<meta property=\"og:url\" content=\"https:\/\/delphineplatten.com\/en\/product\/alene-metallique\/\" \/>\n<meta property=\"og:site_name\" content=\"Delphine Platten\" \/>\n<meta property=\"article:publisher\" content=\"https:\/\/www.facebook.com\/DelphinePlattenReliure\" \/>\n<meta property=\"article:modified_time\" content=\"2025-08-05T10:25:57+00:00\" \/>\n<meta property=\"og:image\" content=\"https:\/\/delphineplatten.com\/wp-content\/uploads\/2023\/07\/Delphine-Platten-Alene-metallique.jpg\" \/>\n\t<meta property=\"og:image:width\" content=\"1920\" \/>\n\t<meta property=\"og:image:height\" content=\"1080\" \/>\n\t<meta property=\"og:image:type\" content=\"image\/jpeg\" \/>\n<meta name=\"twitter:card\" content=\"summary_large_image\" \/>\n<meta name=\"twitter:label1\" content=\"Est. reading time\" \/>\n\t<meta name=\"twitter:data1\" content=\"1 minute\" \/>\n<script type=\"application\/ld+json\" class=\"yoast-schema-graph\">{\"@context\":\"https:\\\/\\\/schema.org\",\"@graph\":[{\"@type\":\"WebPage\",\"@id\":\"https:\\\/\\\/delphineplatten.com\\\/product\\\/alene-metallique\\\/\",\"url\":\"https:\\\/\\\/delphineplatten.com\\\/product\\\/alene-metallique\\\/\",\"name\":\"Al\u00e8ne m\u00e9tallique | Delphine Platten\",\"isPartOf\":{\"@id\":\"https:\\\/\\\/delphineplatten.com\\\/#website\"},\"primaryImageOfPage\":{\"@id\":\"https:\\\/\\\/delphineplatten.com\\\/product\\\/alene-metallique\\\/#primaryimage\"},\"image\":{\"@id\":\"https:\\\/\\\/delphineplatten.com\\\/product\\\/alene-metallique\\\/#primaryimage\"},\"thumbnailUrl\":\"https:\\\/\\\/delphineplatten.com\\\/wp-content\\\/uploads\\\/2023\\\/07\\\/Delphine-Platten-Alene-metallique.jpg\",\"datePublished\":\"2023-07-24T13:19:58+00:00\",\"dateModified\":\"2025-08-05T10:25:57+00:00\",\"description\":\"L'Atelier Delphine Platten propose des cours et des produits exceptionnels consacr\u00e9s \u00e0 l'art de la reliure. Cr\u00e9ations uniques, outils et mat\u00e9riaux, cours en atelier, vous trouverez tout ce dont vous avez besoin.\",\"breadcrumb\":{\"@id\":\"https:\\\/\\\/delphineplatten.com\\\/product\\\/alene-metallique\\\/#breadcrumb\"},\"inLanguage\":\"en-CA\",\"potentialAction\":[{\"@type\":\"ReadAction\",\"target\":[\"https:\\\/\\\/delphineplatten.com\\\/product\\\/alene-metallique\\\/\"]}]},{\"@type\":\"ImageObject\",\"inLanguage\":\"en-CA\",\"@id\":\"https:\\\/\\\/delphineplatten.com\\\/product\\\/alene-metallique\\\/#primaryimage\",\"url\":\"https:\\\/\\\/delphineplatten.com\\\/wp-content\\\/uploads\\\/2023\\\/07\\\/Delphine-Platten-Alene-metallique.jpg\",\"contentUrl\":\"https:\\\/\\\/delphineplatten.com\\\/wp-content\\\/uploads\\\/2023\\\/07\\\/Delphine-Platten-Alene-metallique.jpg\",\"width\":1920,\"height\":1080,\"caption\":\"Outils - Ale\u0300ne me\u0301tallique\"},{\"@type\":\"BreadcrumbList\",\"@id\":\"https:\\\/\\\/delphineplatten.com\\\/product\\\/alene-metallique\\\/#breadcrumb\",\"itemListElement\":[{\"@type\":\"ListItem\",\"position\":1,\"name\":\"Accueil\",\"item\":\"https:\\\/\\\/delphineplatten.com\\\/\"},{\"@type\":\"ListItem\",\"position\":2,\"name\":\"Tous les produits\",\"item\":\"https:\\\/\\\/delphineplatten.com\\\/en\\\/boutique\\\/tous-les-produits\\\/\"},{\"@type\":\"ListItem\",\"position\":3,\"name\":\"Al\u00e8ne m\u00e9tallique\"}]},{\"@type\":\"WebSite\",\"@id\":\"https:\\\/\\\/delphineplatten.com\\\/#website\",\"url\":\"https:\\\/\\\/delphineplatten.com\\\/\",\"name\":\"Delphine Platten\",\"description\":\"Atelier de reliure moderne\",\"publisher\":{\"@id\":\"https:\\\/\\\/delphineplatten.com\\\/#organization\"},\"potentialAction\":[{\"@type\":\"SearchAction\",\"target\":{\"@type\":\"EntryPoint\",\"urlTemplate\":\"https:\\\/\\\/delphineplatten.com\\\/?s={search_term_string}\"},\"query-input\":{\"@type\":\"PropertyValueSpecification\",\"valueRequired\":true,\"valueName\":\"search_term_string\"}}],\"inLanguage\":\"en-CA\"},{\"@type\":\"Organization\",\"@id\":\"https:\\\/\\\/delphineplatten.com\\\/#organization\",\"name\":\"Delphine Platten\",\"url\":\"https:\\\/\\\/delphineplatten.com\\\/\",\"logo\":{\"@type\":\"ImageObject\",\"inLanguage\":\"en-CA\",\"@id\":\"https:\\\/\\\/delphineplatten.com\\\/#\\\/schema\\\/logo\\\/image\\\/\",\"url\":\"https:\\\/\\\/delphineplatten.com\\\/wp-content\\\/uploads\\\/2023\\\/06\\\/Delphine_Platten_Logo.png\",\"contentUrl\":\"https:\\\/\\\/delphineplatten.com\\\/wp-content\\\/uploads\\\/2023\\\/06\\\/Delphine_Platten_Logo.png\",\"width\":320,\"height\":320,\"caption\":\"Delphine Platten\"},\"image\":{\"@id\":\"https:\\\/\\\/delphineplatten.com\\\/#\\\/schema\\\/logo\\\/image\\\/\"},\"sameAs\":[\"https:\\\/\\\/www.facebook.com\\\/DelphinePlattenReliure\"]}]}<\/script>\n<!-- \/ Yoast SEO plugin. -->","yoast_head_json":{"title":"Al\u00e8ne m\u00e9tallique | Delphine Platten","description":"L'Atelier Delphine Platten propose des cours et des produits exceptionnels consacr\u00e9s \u00e0 l'art de la reliure. Cr\u00e9ations uniques, outils et mat\u00e9riaux, cours en atelier, vous trouverez tout ce dont vous avez besoin.","robots":{"index":"index","follow":"follow","max-snippet":"max-snippet:-1","max-image-preview":"max-image-preview:large","max-video-preview":"max-video-preview:-1"},"canonical":"https:\/\/delphineplatten.com\/en\/product\/alene-metallique\/","og_locale":"en_US","og_type":"article","og_title":"Al\u00e8ne m\u00e9tallique | Delphine Platten","og_description":"L'Atelier Delphine Platten propose des cours et des produits exceptionnels consacr\u00e9s \u00e0 l'art de la reliure. Cr\u00e9ations uniques, outils et mat\u00e9riaux, cours en atelier, vous trouverez tout ce dont vous avez besoin.","og_url":"https:\/\/delphineplatten.com\/en\/product\/alene-metallique\/","og_site_name":"Delphine Platten","article_publisher":"https:\/\/www.facebook.com\/DelphinePlattenReliure","article_modified_time":"2025-08-05T10:25:57+00:00","og_image":[{"width":1920,"height":1080,"url":"https:\/\/delphineplatten.com\/wp-content\/uploads\/2023\/07\/Delphine-Platten-Alene-metallique.jpg","type":"image\/jpeg"}],"twitter_card":"summary_large_image","twitter_misc":{"Est. reading time":"1 minute"},"schema":{"@context":"https:\/\/schema.org","@graph":[{"@type":"WebPage","@id":"https:\/\/delphineplatten.com\/product\/alene-metallique\/","url":"https:\/\/delphineplatten.com\/product\/alene-metallique\/","name":"Al\u00e8ne m\u00e9tallique | Delphine Platten","isPartOf":{"@id":"https:\/\/delphineplatten.com\/#website"},"primaryImageOfPage":{"@id":"https:\/\/delphineplatten.com\/product\/alene-metallique\/#primaryimage"},"image":{"@id":"https:\/\/delphineplatten.com\/product\/alene-metallique\/#primaryimage"},"thumbnailUrl":"https:\/\/delphineplatten.com\/wp-content\/uploads\/2023\/07\/Delphine-Platten-Alene-metallique.jpg","datePublished":"2023-07-24T13:19:58+00:00","dateModified":"2025-08-05T10:25:57+00:00","description":"L'Atelier Delphine Platten propose des cours et des produits exceptionnels consacr\u00e9s \u00e0 l'art de la reliure. Cr\u00e9ations uniques, outils et mat\u00e9riaux, cours en atelier, vous trouverez tout ce dont vous avez besoin.","breadcrumb":{"@id":"https:\/\/delphineplatten.com\/product\/alene-metallique\/#breadcrumb"},"inLanguage":"en-CA","potentialAction":[{"@type":"ReadAction","target":["https:\/\/delphineplatten.com\/product\/alene-metallique\/"]}]},{"@type":"ImageObject","inLanguage":"en-CA","@id":"https:\/\/delphineplatten.com\/product\/alene-metallique\/#primaryimage","url":"https:\/\/delphineplatten.com\/wp-content\/uploads\/2023\/07\/Delphine-Platten-Alene-metallique.jpg","contentUrl":"https:\/\/delphineplatten.com\/wp-content\/uploads\/2023\/07\/Delphine-Platten-Alene-metallique.jpg","width":1920,"height":1080,"caption":"Outils - Ale\u0300ne me\u0301tallique"},{"@type":"BreadcrumbList","@id":"https:\/\/delphineplatten.com\/product\/alene-metallique\/#breadcrumb","itemListElement":[{"@type":"ListItem","position":1,"name":"Accueil","item":"https:\/\/delphineplatten.com\/"},{"@type":"ListItem","position":2,"name":"Tous les produits","item":"https:\/\/delphineplatten.com\/en\/boutique\/tous-les-produits\/"},{"@type":"ListItem","position":3,"name":"Al\u00e8ne m\u00e9tallique"}]},{"@type":"WebSite","@id":"https:\/\/delphineplatten.com\/#website","url":"https:\/\/delphineplatten.com\/","name":"Delphine Platten","description":"Atelier de reliure moderne","publisher":{"@id":"https:\/\/delphineplatten.com\/#organization"},"potentialAction":[{"@type":"SearchAction","target":{"@type":"EntryPoint","urlTemplate":"https:\/\/delphineplatten.com\/?s={search_term_string}"},"query-input":{"@type":"PropertyValueSpecification","valueRequired":true,"valueName":"search_term_string"}}],"inLanguage":"en-CA"},{"@type":"Organization","@id":"https:\/\/delphineplatten.com\/#organization","name":"Delphine Platten","url":"https:\/\/delphineplatten.com\/","logo":{"@type":"ImageObject","inLanguage":"en-CA","@id":"https:\/\/delphineplatten.com\/#\/schema\/logo\/image\/","url":"https:\/\/delphineplatten.com\/wp-content\/uploads\/2023\/06\/Delphine_Platten_Logo.png","contentUrl":"https:\/\/delphineplatten.com\/wp-content\/uploads\/2023\/06\/Delphine_Platten_Logo.png","width":320,"height":320,"caption":"Delphine Platten"},"image":{"@id":"https:\/\/delphineplatten.com\/#\/schema\/logo\/image\/"},"sameAs":["https:\/\/www.facebook.com\/DelphinePlattenReliure"]}]}},"_links":{"self":[{"href":"https:\/\/delphineplatten.com\/en\/wp-json\/wp\/v2\/product\/487","targetHints":{"allow":["GET"]}}],"collection":[{"href":"https:\/\/delphineplatten.com\/en\/wp-json\/wp\/v2\/product"}],"about":[{"href":"https:\/\/delphineplatten.com\/en\/wp-json\/wp\/v2\/types\/product"}],"replies":[{"embeddable":true,"href":"https:\/\/delphineplatten.com\/en\/wp-json\/wp\/v2\/comments?post=487"}],"wp:featuredmedia":[{"embeddable":true,"href":"https:\/\/delphineplatten.com\/en\/wp-json\/wp\/v2\/media\/488"}],"wp:attachment":[{"href":"https:\/\/delphineplatten.com\/en\/wp-json\/wp\/v2\/media?parent=487"}],"wp:term":[{"taxonomy":"product_brand","embeddable":true,"href":"https:\/\/delphineplatten.com\/en\/wp-json\/wp\/v2\/product_brand?post=487"},{"taxonomy":"product_cat","embeddable":true,"href":"https:\/\/delphineplatten.com\/en\/wp-json\/wp\/v2\/product_cat?post=487"},{"taxonomy":"product_tag","embeddable":true,"href":"https:\/\/delphineplatten.com\/en\/wp-json\/wp\/v2\/product_tag?post=487"}],"curies":[{"name":"wp","href":"https:\/\/api.w.org\/{rel}","templated":true}]}}