{"id":4686,"date":"2025-12-22T14:08:27","date_gmt":"2025-12-22T19:08:27","guid":{"rendered":"https:\/\/delphineplatten.com\/?post_type=product&#038;p=4686"},"modified":"2026-01-07T07:19:25","modified_gmt":"2026-01-07T12:19:25","slug":"la-reliure-classique-le-demi-a-bandes-session-de-4-cours","status":"publish","type":"product","link":"https:\/\/delphineplatten.com\/en\/product\/la-reliure-classique-le-demi-a-bandes-session-de-4-cours\/","title":{"rendered":"La reliure classique: le demi \u00e0 bandes &#8211; session de 4 cours"},"content":{"rendered":"<p>NOUVEAU : je vous propose d&rsquo;explorer avec moi la reliure classique dans cette session de 4 cours qui s&rsquo;\u00e9tend sur le mois de mars : les <strong>samedis 7, 14, 21 et 28 mars, de 13h \u00e0 17h. <\/strong>Pour celles et ceux qui veulent aller un peu plus loin, nous allons apprendre \u00e0 faire une reliure cousue sur cousoir et endoss\u00e9e, selon une technique qui s&rsquo;inspire de la reliure \u00e0 emboitage du type Bradel, version l\u00e9g\u00e8rement am\u00e9lior\u00e9e. Vous d\u00e9couvrirez les grandes \u00e9tapes : la placure, la couture sur cousoir, l&rsquo;endossure, l&rsquo;appr\u00eature du dos, la couvrure, la finissure et la dorure, avec le titrage.<br \/>\nPayable en 2 versements sur demande.<\/p>","protected":false},"excerpt":{"rendered":"<p>Nous allons travailler avec deux livres en parall\u00e8le : un livre blanc et un livre ancien. Il y a souvent des temps de s\u00e9chage incompressible et avoir un second ouvrage en cours permet d&rsquo;occuper ces temps libres. Je vous fournirai les indications pour s\u00e9lectionner un livre ancien si vous souhaitez apporter le v\u00f4tre; sinon, vous en aurez \u00e0 votre disposition \u00e0 l&rsquo;atelier. Vous pouvez aussi apporter votre propre papier d\u00e9cor\u00e9 si vous le souhaitez.<\/p>\n<p>Id\u00e9alement, vous devriez avoir suivi le cours de reliure rigide \u00e0 dos carr\u00e9, afin d&rsquo;\u00eatre d\u00e9j\u00e0 famili\u00e8r.e avec la reliure.<\/p>\n<p>Cette premi\u00e8re session est un peu exp\u00e9rimentale : il est possible que les cours soient plus courts ou plus longs selon les \u00e9tapes, merci d&rsquo;avance de votre compr\u00e9hension \ud83d\ude09<\/p>\n<p>Les cours durent environ 4h. Tout le mat\u00e9riel et les outils sont pr\u00eat\u00e9s. Si vous souhaitez apporter votre propre papier d\u00e9cor\u00e9 (Chiyogami, imprim\u00e9 ou marbr\u00e9), c&rsquo;est possible.<\/p>\n<p>Le th\u00e9 et le caf\u00e9 vous sont offerts, comme d&rsquo;habitude !<\/p>\n<p>&nbsp;<\/p>","protected":false},"featured_media":4687,"comment_status":"closed","ping_status":"closed","template":"","meta":{"_coblocks_attr":"","_coblocks_dimensions":"","_coblocks_responsive_height":"","_coblocks_accordion_ie_support":""},"product_brand":[],"product_cat":[135],"product_tag":[227,235,141],"class_list":{"0":"post-4686","1":"product","2":"type-product","3":"status-publish","4":"has-post-thumbnail","6":"product_cat-cours-en-atelier","7":"product_tag-cours-de-reliure","8":"product_tag-reliure-classique","9":"product_tag-reliure-rigide","10":"entry","12":"first","13":"outofstock","14":"virtual","15":"taxable","16":"purchasable","17":"product-type-simple"},"yoast_head":"<!-- This site is optimized with the Yoast SEO plugin v27.4 - https:\/\/yoast.com\/product\/yoast-seo-wordpress\/ -->\n<title>La reliure classique: le demi \u00e0 bandes - session de 4 cours | Delphine Platten<\/title>\n<meta name=\"description\" content=\"L&#039;Atelier Delphine Platten propose des cours et des produits exceptionnels consacr\u00e9s \u00e0 l&#039;art de la reliure. Cr\u00e9ations uniques, outils et mat\u00e9riaux, cours en atelier, vous trouverez tout ce dont vous avez besoin.\" \/>\n<meta name=\"robots\" content=\"index, follow, max-snippet:-1, max-image-preview:large, max-video-preview:-1\" \/>\n<link rel=\"canonical\" href=\"https:\/\/delphineplatten.com\/en\/product\/la-reliure-classique-le-demi-a-bandes-session-de-4-cours\/\" \/>\n<meta property=\"og:locale\" content=\"en_US\" \/>\n<meta property=\"og:type\" content=\"article\" \/>\n<meta property=\"og:title\" content=\"La reliure classique: le demi \u00e0 bandes - session de 4 cours | Delphine Platten\" \/>\n<meta property=\"og:description\" content=\"L&#039;Atelier Delphine Platten propose des cours et des produits exceptionnels consacr\u00e9s \u00e0 l&#039;art de la reliure. Cr\u00e9ations uniques, outils et mat\u00e9riaux, cours en atelier, vous trouverez tout ce dont vous avez besoin.\" \/>\n<meta property=\"og:url\" content=\"https:\/\/delphineplatten.com\/en\/product\/la-reliure-classique-le-demi-a-bandes-session-de-4-cours\/\" \/>\n<meta property=\"og:site_name\" content=\"Delphine Platten\" \/>\n<meta property=\"article:publisher\" content=\"https:\/\/www.facebook.com\/DelphinePlattenReliure\" \/>\n<meta property=\"article:modified_time\" content=\"2026-01-07T12:19:25+00:00\" \/>\n<meta property=\"og:image\" content=\"https:\/\/delphineplatten.com\/wp-content\/uploads\/2025\/12\/demi-a-bandes-1.jpg\" \/>\n\t<meta property=\"og:image:width\" content=\"1350\" \/>\n\t<meta property=\"og:image:height\" content=\"1800\" \/>\n\t<meta property=\"og:image:type\" content=\"image\/jpeg\" \/>\n<meta name=\"twitter:card\" content=\"summary_large_image\" \/>\n<meta name=\"twitter:label1\" content=\"Est. reading time\" \/>\n\t<meta name=\"twitter:data1\" content=\"1 minute\" \/>\n<script type=\"application\/ld+json\" class=\"yoast-schema-graph\">{\"@context\":\"https:\\\/\\\/schema.org\",\"@graph\":[{\"@type\":\"WebPage\",\"@id\":\"https:\\\/\\\/delphineplatten.com\\\/product\\\/la-reliure-classique-le-demi-a-bandes-session-de-4-cours\\\/\",\"url\":\"https:\\\/\\\/delphineplatten.com\\\/product\\\/la-reliure-classique-le-demi-a-bandes-session-de-4-cours\\\/\",\"name\":\"La reliure classique: le demi \u00e0 bandes - session de 4 cours | Delphine Platten\",\"isPartOf\":{\"@id\":\"https:\\\/\\\/delphineplatten.com\\\/#website\"},\"primaryImageOfPage\":{\"@id\":\"https:\\\/\\\/delphineplatten.com\\\/product\\\/la-reliure-classique-le-demi-a-bandes-session-de-4-cours\\\/#primaryimage\"},\"image\":{\"@id\":\"https:\\\/\\\/delphineplatten.com\\\/product\\\/la-reliure-classique-le-demi-a-bandes-session-de-4-cours\\\/#primaryimage\"},\"thumbnailUrl\":\"https:\\\/\\\/delphineplatten.com\\\/wp-content\\\/uploads\\\/2025\\\/12\\\/demi-a-bandes-1.jpg\",\"datePublished\":\"2025-12-22T19:08:27+00:00\",\"dateModified\":\"2026-01-07T12:19:25+00:00\",\"description\":\"L'Atelier Delphine Platten propose des cours et des produits exceptionnels consacr\u00e9s \u00e0 l'art de la reliure. Cr\u00e9ations uniques, outils et mat\u00e9riaux, cours en atelier, vous trouverez tout ce dont vous avez besoin.\",\"breadcrumb\":{\"@id\":\"https:\\\/\\\/delphineplatten.com\\\/product\\\/la-reliure-classique-le-demi-a-bandes-session-de-4-cours\\\/#breadcrumb\"},\"inLanguage\":\"en-CA\",\"potentialAction\":[{\"@type\":\"ReadAction\",\"target\":[\"https:\\\/\\\/delphineplatten.com\\\/product\\\/la-reliure-classique-le-demi-a-bandes-session-de-4-cours\\\/\"]}]},{\"@type\":\"ImageObject\",\"inLanguage\":\"en-CA\",\"@id\":\"https:\\\/\\\/delphineplatten.com\\\/product\\\/la-reliure-classique-le-demi-a-bandes-session-de-4-cours\\\/#primaryimage\",\"url\":\"https:\\\/\\\/delphineplatten.com\\\/wp-content\\\/uploads\\\/2025\\\/12\\\/demi-a-bandes-1.jpg\",\"contentUrl\":\"https:\\\/\\\/delphineplatten.com\\\/wp-content\\\/uploads\\\/2025\\\/12\\\/demi-a-bandes-1.jpg\",\"width\":1350,\"height\":1800},{\"@type\":\"BreadcrumbList\",\"@id\":\"https:\\\/\\\/delphineplatten.com\\\/product\\\/la-reliure-classique-le-demi-a-bandes-session-de-4-cours\\\/#breadcrumb\",\"itemListElement\":[{\"@type\":\"ListItem\",\"position\":1,\"name\":\"Accueil\",\"item\":\"https:\\\/\\\/delphineplatten.com\\\/\"},{\"@type\":\"ListItem\",\"position\":2,\"name\":\"Tous les produits\",\"item\":\"https:\\\/\\\/delphineplatten.com\\\/en\\\/boutique\\\/tous-les-produits\\\/\"},{\"@type\":\"ListItem\",\"position\":3,\"name\":\"La reliure classique: le demi \u00e0 bandes &#8211; session de 4 cours\"}]},{\"@type\":\"WebSite\",\"@id\":\"https:\\\/\\\/delphineplatten.com\\\/#website\",\"url\":\"https:\\\/\\\/delphineplatten.com\\\/\",\"name\":\"Delphine Platten\",\"description\":\"Atelier de reliure moderne\",\"publisher\":{\"@id\":\"https:\\\/\\\/delphineplatten.com\\\/#organization\"},\"potentialAction\":[{\"@type\":\"SearchAction\",\"target\":{\"@type\":\"EntryPoint\",\"urlTemplate\":\"https:\\\/\\\/delphineplatten.com\\\/?s={search_term_string}\"},\"query-input\":{\"@type\":\"PropertyValueSpecification\",\"valueRequired\":true,\"valueName\":\"search_term_string\"}}],\"inLanguage\":\"en-CA\"},{\"@type\":\"Organization\",\"@id\":\"https:\\\/\\\/delphineplatten.com\\\/#organization\",\"name\":\"Delphine Platten\",\"url\":\"https:\\\/\\\/delphineplatten.com\\\/\",\"logo\":{\"@type\":\"ImageObject\",\"inLanguage\":\"en-CA\",\"@id\":\"https:\\\/\\\/delphineplatten.com\\\/#\\\/schema\\\/logo\\\/image\\\/\",\"url\":\"https:\\\/\\\/delphineplatten.com\\\/wp-content\\\/uploads\\\/2023\\\/06\\\/Delphine_Platten_Logo.png\",\"contentUrl\":\"https:\\\/\\\/delphineplatten.com\\\/wp-content\\\/uploads\\\/2023\\\/06\\\/Delphine_Platten_Logo.png\",\"width\":320,\"height\":320,\"caption\":\"Delphine Platten\"},\"image\":{\"@id\":\"https:\\\/\\\/delphineplatten.com\\\/#\\\/schema\\\/logo\\\/image\\\/\"},\"sameAs\":[\"https:\\\/\\\/www.facebook.com\\\/DelphinePlattenReliure\"]}]}<\/script>\n<!-- \/ Yoast SEO plugin. -->","yoast_head_json":{"title":"La reliure classique: le demi \u00e0 bandes - session de 4 cours | Delphine Platten","description":"L'Atelier Delphine Platten propose des cours et des produits exceptionnels consacr\u00e9s \u00e0 l'art de la reliure. Cr\u00e9ations uniques, outils et mat\u00e9riaux, cours en atelier, vous trouverez tout ce dont vous avez besoin.","robots":{"index":"index","follow":"follow","max-snippet":"max-snippet:-1","max-image-preview":"max-image-preview:large","max-video-preview":"max-video-preview:-1"},"canonical":"https:\/\/delphineplatten.com\/en\/product\/la-reliure-classique-le-demi-a-bandes-session-de-4-cours\/","og_locale":"en_US","og_type":"article","og_title":"La reliure classique: le demi \u00e0 bandes - session de 4 cours | Delphine Platten","og_description":"L'Atelier Delphine Platten propose des cours et des produits exceptionnels consacr\u00e9s \u00e0 l'art de la reliure. Cr\u00e9ations uniques, outils et mat\u00e9riaux, cours en atelier, vous trouverez tout ce dont vous avez besoin.","og_url":"https:\/\/delphineplatten.com\/en\/product\/la-reliure-classique-le-demi-a-bandes-session-de-4-cours\/","og_site_name":"Delphine Platten","article_publisher":"https:\/\/www.facebook.com\/DelphinePlattenReliure","article_modified_time":"2026-01-07T12:19:25+00:00","og_image":[{"width":1350,"height":1800,"url":"https:\/\/delphineplatten.com\/wp-content\/uploads\/2025\/12\/demi-a-bandes-1.jpg","type":"image\/jpeg"}],"twitter_card":"summary_large_image","twitter_misc":{"Est. reading time":"1 minute"},"schema":{"@context":"https:\/\/schema.org","@graph":[{"@type":"WebPage","@id":"https:\/\/delphineplatten.com\/product\/la-reliure-classique-le-demi-a-bandes-session-de-4-cours\/","url":"https:\/\/delphineplatten.com\/product\/la-reliure-classique-le-demi-a-bandes-session-de-4-cours\/","name":"La reliure classique: le demi \u00e0 bandes - session de 4 cours | Delphine Platten","isPartOf":{"@id":"https:\/\/delphineplatten.com\/#website"},"primaryImageOfPage":{"@id":"https:\/\/delphineplatten.com\/product\/la-reliure-classique-le-demi-a-bandes-session-de-4-cours\/#primaryimage"},"image":{"@id":"https:\/\/delphineplatten.com\/product\/la-reliure-classique-le-demi-a-bandes-session-de-4-cours\/#primaryimage"},"thumbnailUrl":"https:\/\/delphineplatten.com\/wp-content\/uploads\/2025\/12\/demi-a-bandes-1.jpg","datePublished":"2025-12-22T19:08:27+00:00","dateModified":"2026-01-07T12:19:25+00:00","description":"L'Atelier Delphine Platten propose des cours et des produits exceptionnels consacr\u00e9s \u00e0 l'art de la reliure. Cr\u00e9ations uniques, outils et mat\u00e9riaux, cours en atelier, vous trouverez tout ce dont vous avez besoin.","breadcrumb":{"@id":"https:\/\/delphineplatten.com\/product\/la-reliure-classique-le-demi-a-bandes-session-de-4-cours\/#breadcrumb"},"inLanguage":"en-CA","potentialAction":[{"@type":"ReadAction","target":["https:\/\/delphineplatten.com\/product\/la-reliure-classique-le-demi-a-bandes-session-de-4-cours\/"]}]},{"@type":"ImageObject","inLanguage":"en-CA","@id":"https:\/\/delphineplatten.com\/product\/la-reliure-classique-le-demi-a-bandes-session-de-4-cours\/#primaryimage","url":"https:\/\/delphineplatten.com\/wp-content\/uploads\/2025\/12\/demi-a-bandes-1.jpg","contentUrl":"https:\/\/delphineplatten.com\/wp-content\/uploads\/2025\/12\/demi-a-bandes-1.jpg","width":1350,"height":1800},{"@type":"BreadcrumbList","@id":"https:\/\/delphineplatten.com\/product\/la-reliure-classique-le-demi-a-bandes-session-de-4-cours\/#breadcrumb","itemListElement":[{"@type":"ListItem","position":1,"name":"Accueil","item":"https:\/\/delphineplatten.com\/"},{"@type":"ListItem","position":2,"name":"Tous les produits","item":"https:\/\/delphineplatten.com\/en\/boutique\/tous-les-produits\/"},{"@type":"ListItem","position":3,"name":"La reliure classique: le demi \u00e0 bandes &#8211; session de 4 cours"}]},{"@type":"WebSite","@id":"https:\/\/delphineplatten.com\/#website","url":"https:\/\/delphineplatten.com\/","name":"Delphine Platten","description":"Atelier de reliure moderne","publisher":{"@id":"https:\/\/delphineplatten.com\/#organization"},"potentialAction":[{"@type":"SearchAction","target":{"@type":"EntryPoint","urlTemplate":"https:\/\/delphineplatten.com\/?s={search_term_string}"},"query-input":{"@type":"PropertyValueSpecification","valueRequired":true,"valueName":"search_term_string"}}],"inLanguage":"en-CA"},{"@type":"Organization","@id":"https:\/\/delphineplatten.com\/#organization","name":"Delphine Platten","url":"https:\/\/delphineplatten.com\/","logo":{"@type":"ImageObject","inLanguage":"en-CA","@id":"https:\/\/delphineplatten.com\/#\/schema\/logo\/image\/","url":"https:\/\/delphineplatten.com\/wp-content\/uploads\/2023\/06\/Delphine_Platten_Logo.png","contentUrl":"https:\/\/delphineplatten.com\/wp-content\/uploads\/2023\/06\/Delphine_Platten_Logo.png","width":320,"height":320,"caption":"Delphine Platten"},"image":{"@id":"https:\/\/delphineplatten.com\/#\/schema\/logo\/image\/"},"sameAs":["https:\/\/www.facebook.com\/DelphinePlattenReliure"]}]}},"_links":{"self":[{"href":"https:\/\/delphineplatten.com\/en\/wp-json\/wp\/v2\/product\/4686","targetHints":{"allow":["GET"]}}],"collection":[{"href":"https:\/\/delphineplatten.com\/en\/wp-json\/wp\/v2\/product"}],"about":[{"href":"https:\/\/delphineplatten.com\/en\/wp-json\/wp\/v2\/types\/product"}],"replies":[{"embeddable":true,"href":"https:\/\/delphineplatten.com\/en\/wp-json\/wp\/v2\/comments?post=4686"}],"wp:featuredmedia":[{"embeddable":true,"href":"https:\/\/delphineplatten.com\/en\/wp-json\/wp\/v2\/media\/4687"}],"wp:attachment":[{"href":"https:\/\/delphineplatten.com\/en\/wp-json\/wp\/v2\/media?parent=4686"}],"wp:term":[{"taxonomy":"product_brand","embeddable":true,"href":"https:\/\/delphineplatten.com\/en\/wp-json\/wp\/v2\/product_brand?post=4686"},{"taxonomy":"product_cat","embeddable":true,"href":"https:\/\/delphineplatten.com\/en\/wp-json\/wp\/v2\/product_cat?post=4686"},{"taxonomy":"product_tag","embeddable":true,"href":"https:\/\/delphineplatten.com\/en\/wp-json\/wp\/v2\/product_tag?post=4686"}],"curies":[{"name":"wp","href":"https:\/\/api.w.org\/{rel}","templated":true}]}}