{"id":4602,"date":"2025-06-18T15:26:12","date_gmt":"2025-06-18T19:26:12","guid":{"rendered":"https:\/\/delphineplatten.com\/?post_type=product&#038;p=4602"},"modified":"2025-12-23T08:02:42","modified_gmt":"2025-12-23T13:02:42","slug":"reliure-copte","status":"publish","type":"product","link":"https:\/\/delphineplatten.com\/en\/product\/reliure-copte\/","title":{"rendered":"Reliure copte"},"content":{"rendered":"<p>La reliure copte, technique ancestrale invent\u00e9e en \u00c9gypte il y a 2000 ans, est ici revue au go\u00fbt du jour. Une ouverture \u00e0 plat super pratique, des plats rigides habill\u00e9s de papier japonais plein de couleurs, une couture au fil de lin apparente, bref,\u00a0 c&rsquo;est le petit carnet de notes simple et parfait \u00e0 laisser trainer dans son sac ou pour avoir la classe en cours ou en r\u00e9union&#8230; En gros, c&rsquo;est la crisscross, sans le dos rigide, en version easy \ud83d\ude09<\/p>\n<p>On part du papier, on cr\u00e9e nos cahiers, on perce et on habille nos cartons, on fait un gabarit, on perce les cahiers et on coud l&rsquo;ensemble. Le cours id\u00e9al pour s&rsquo;initier \u00e0 la reliure.<\/p>","protected":false},"excerpt":{"rendered":"<p>Dur\u00e9e du cours: 4h<\/p>\n<p>Mat\u00e9riel: Tout est fourni. Apportez juste de quoi prendre des notes. Th\u00e9 et caf\u00e9s sont offerts \ud83d\ude09<\/p>\n<p>Outils: Tout est pr\u00eat\u00e9, mais si vous pr\u00e9f\u00e9rez apporter les v\u00f4tres, n&rsquo;h\u00e9sitez pas.<\/p>","protected":false},"featured_media":4608,"comment_status":"open","ping_status":"closed","template":"","meta":{"_coblocks_attr":"","_coblocks_dimensions":"","_coblocks_responsive_height":"","_coblocks_accordion_ie_support":""},"product_brand":[],"product_cat":[135],"product_tag":[231,234,230],"class_list":{"0":"post-4602","1":"product","2":"type-product","3":"status-publish","4":"has-post-thumbnail","6":"product_cat-cours-en-atelier","7":"product_tag-reliure-cousue","8":"product_tag-reliure-en-cuir","9":"product_tag-reliure-souple","10":"entry","12":"first","13":"outofstock","14":"virtual","15":"taxable","16":"purchasable","17":"product-type-simple"},"yoast_head":"<!-- This site is optimized with the Yoast SEO plugin v27.4 - https:\/\/yoast.com\/product\/yoast-seo-wordpress\/ -->\n<title>Reliure copte | Delphine Platten<\/title>\n<meta name=\"description\" content=\"L&#039;Atelier Delphine Platten propose des cours et des produits exceptionnels consacr\u00e9s \u00e0 l&#039;art de la reliure. Cr\u00e9ations uniques, outils et mat\u00e9riaux, cours en atelier, vous trouverez tout ce dont vous avez besoin.\" \/>\n<meta name=\"robots\" content=\"index, follow, max-snippet:-1, max-image-preview:large, max-video-preview:-1\" \/>\n<link rel=\"canonical\" href=\"https:\/\/delphineplatten.com\/en\/product\/reliure-copte\/\" \/>\n<meta property=\"og:locale\" content=\"en_US\" \/>\n<meta property=\"og:type\" content=\"article\" \/>\n<meta property=\"og:title\" content=\"Reliure copte | Delphine Platten\" \/>\n<meta property=\"og:description\" content=\"L&#039;Atelier Delphine Platten propose des cours et des produits exceptionnels consacr\u00e9s \u00e0 l&#039;art de la reliure. Cr\u00e9ations uniques, outils et mat\u00e9riaux, cours en atelier, vous trouverez tout ce dont vous avez besoin.\" \/>\n<meta property=\"og:url\" content=\"https:\/\/delphineplatten.com\/en\/product\/reliure-copte\/\" \/>\n<meta property=\"og:site_name\" content=\"Delphine Platten\" \/>\n<meta property=\"article:publisher\" content=\"https:\/\/www.facebook.com\/DelphinePlattenReliure\" \/>\n<meta property=\"article:modified_time\" content=\"2025-12-23T13:02:42+00:00\" \/>\n<meta property=\"og:image\" content=\"https:\/\/delphineplatten.com\/wp-content\/uploads\/2025\/06\/IMG_0649-copie-e1750277569544.jpg\" \/>\n\t<meta property=\"og:image:width\" content=\"1350\" \/>\n\t<meta property=\"og:image:height\" content=\"1350\" \/>\n\t<meta property=\"og:image:type\" content=\"image\/jpeg\" \/>\n<meta name=\"twitter:card\" content=\"summary_large_image\" \/>\n<meta name=\"twitter:label1\" content=\"Est. reading time\" \/>\n\t<meta name=\"twitter:data1\" content=\"1 minute\" \/>\n<script type=\"application\/ld+json\" class=\"yoast-schema-graph\">{\"@context\":\"https:\\\/\\\/schema.org\",\"@graph\":[{\"@type\":\"WebPage\",\"@id\":\"https:\\\/\\\/delphineplatten.com\\\/product\\\/reliure-copte\\\/\",\"url\":\"https:\\\/\\\/delphineplatten.com\\\/product\\\/reliure-copte\\\/\",\"name\":\"Reliure copte | Delphine Platten\",\"isPartOf\":{\"@id\":\"https:\\\/\\\/delphineplatten.com\\\/#website\"},\"primaryImageOfPage\":{\"@id\":\"https:\\\/\\\/delphineplatten.com\\\/product\\\/reliure-copte\\\/#primaryimage\"},\"image\":{\"@id\":\"https:\\\/\\\/delphineplatten.com\\\/product\\\/reliure-copte\\\/#primaryimage\"},\"thumbnailUrl\":\"https:\\\/\\\/delphineplatten.com\\\/wp-content\\\/uploads\\\/2025\\\/06\\\/IMG_0649-copie-e1750277569544.jpg\",\"datePublished\":\"2025-06-18T19:26:12+00:00\",\"dateModified\":\"2025-12-23T13:02:42+00:00\",\"description\":\"L'Atelier Delphine Platten propose des cours et des produits exceptionnels consacr\u00e9s \u00e0 l'art de la reliure. Cr\u00e9ations uniques, outils et mat\u00e9riaux, cours en atelier, vous trouverez tout ce dont vous avez besoin.\",\"breadcrumb\":{\"@id\":\"https:\\\/\\\/delphineplatten.com\\\/product\\\/reliure-copte\\\/#breadcrumb\"},\"inLanguage\":\"en-CA\",\"potentialAction\":[{\"@type\":\"ReadAction\",\"target\":[\"https:\\\/\\\/delphineplatten.com\\\/product\\\/reliure-copte\\\/\"]}]},{\"@type\":\"ImageObject\",\"inLanguage\":\"en-CA\",\"@id\":\"https:\\\/\\\/delphineplatten.com\\\/product\\\/reliure-copte\\\/#primaryimage\",\"url\":\"https:\\\/\\\/delphineplatten.com\\\/wp-content\\\/uploads\\\/2025\\\/06\\\/IMG_0649-copie-e1750277569544.jpg\",\"contentUrl\":\"https:\\\/\\\/delphineplatten.com\\\/wp-content\\\/uploads\\\/2025\\\/06\\\/IMG_0649-copie-e1750277569544.jpg\",\"width\":1350,\"height\":1350,\"caption\":\"Reliure copte bleue klein, tenue par deux mains, sur fond rose\"},{\"@type\":\"BreadcrumbList\",\"@id\":\"https:\\\/\\\/delphineplatten.com\\\/product\\\/reliure-copte\\\/#breadcrumb\",\"itemListElement\":[{\"@type\":\"ListItem\",\"position\":1,\"name\":\"Accueil\",\"item\":\"https:\\\/\\\/delphineplatten.com\\\/\"},{\"@type\":\"ListItem\",\"position\":2,\"name\":\"Tous les produits\",\"item\":\"https:\\\/\\\/delphineplatten.com\\\/en\\\/boutique\\\/tous-les-produits\\\/\"},{\"@type\":\"ListItem\",\"position\":3,\"name\":\"Reliure copte\"}]},{\"@type\":\"WebSite\",\"@id\":\"https:\\\/\\\/delphineplatten.com\\\/#website\",\"url\":\"https:\\\/\\\/delphineplatten.com\\\/\",\"name\":\"Delphine Platten\",\"description\":\"Atelier de reliure moderne\",\"publisher\":{\"@id\":\"https:\\\/\\\/delphineplatten.com\\\/#organization\"},\"potentialAction\":[{\"@type\":\"SearchAction\",\"target\":{\"@type\":\"EntryPoint\",\"urlTemplate\":\"https:\\\/\\\/delphineplatten.com\\\/?s={search_term_string}\"},\"query-input\":{\"@type\":\"PropertyValueSpecification\",\"valueRequired\":true,\"valueName\":\"search_term_string\"}}],\"inLanguage\":\"en-CA\"},{\"@type\":\"Organization\",\"@id\":\"https:\\\/\\\/delphineplatten.com\\\/#organization\",\"name\":\"Delphine Platten\",\"url\":\"https:\\\/\\\/delphineplatten.com\\\/\",\"logo\":{\"@type\":\"ImageObject\",\"inLanguage\":\"en-CA\",\"@id\":\"https:\\\/\\\/delphineplatten.com\\\/#\\\/schema\\\/logo\\\/image\\\/\",\"url\":\"https:\\\/\\\/delphineplatten.com\\\/wp-content\\\/uploads\\\/2023\\\/06\\\/Delphine_Platten_Logo.png\",\"contentUrl\":\"https:\\\/\\\/delphineplatten.com\\\/wp-content\\\/uploads\\\/2023\\\/06\\\/Delphine_Platten_Logo.png\",\"width\":320,\"height\":320,\"caption\":\"Delphine Platten\"},\"image\":{\"@id\":\"https:\\\/\\\/delphineplatten.com\\\/#\\\/schema\\\/logo\\\/image\\\/\"},\"sameAs\":[\"https:\\\/\\\/www.facebook.com\\\/DelphinePlattenReliure\"]}]}<\/script>\n<!-- \/ Yoast SEO plugin. -->","yoast_head_json":{"title":"Reliure copte | Delphine Platten","description":"L'Atelier Delphine Platten propose des cours et des produits exceptionnels consacr\u00e9s \u00e0 l'art de la reliure. Cr\u00e9ations uniques, outils et mat\u00e9riaux, cours en atelier, vous trouverez tout ce dont vous avez besoin.","robots":{"index":"index","follow":"follow","max-snippet":"max-snippet:-1","max-image-preview":"max-image-preview:large","max-video-preview":"max-video-preview:-1"},"canonical":"https:\/\/delphineplatten.com\/en\/product\/reliure-copte\/","og_locale":"en_US","og_type":"article","og_title":"Reliure copte | Delphine Platten","og_description":"L'Atelier Delphine Platten propose des cours et des produits exceptionnels consacr\u00e9s \u00e0 l'art de la reliure. Cr\u00e9ations uniques, outils et mat\u00e9riaux, cours en atelier, vous trouverez tout ce dont vous avez besoin.","og_url":"https:\/\/delphineplatten.com\/en\/product\/reliure-copte\/","og_site_name":"Delphine Platten","article_publisher":"https:\/\/www.facebook.com\/DelphinePlattenReliure","article_modified_time":"2025-12-23T13:02:42+00:00","og_image":[{"width":1350,"height":1350,"url":"https:\/\/delphineplatten.com\/wp-content\/uploads\/2025\/06\/IMG_0649-copie-e1750277569544.jpg","type":"image\/jpeg"}],"twitter_card":"summary_large_image","twitter_misc":{"Est. reading time":"1 minute"},"schema":{"@context":"https:\/\/schema.org","@graph":[{"@type":"WebPage","@id":"https:\/\/delphineplatten.com\/product\/reliure-copte\/","url":"https:\/\/delphineplatten.com\/product\/reliure-copte\/","name":"Reliure copte | Delphine Platten","isPartOf":{"@id":"https:\/\/delphineplatten.com\/#website"},"primaryImageOfPage":{"@id":"https:\/\/delphineplatten.com\/product\/reliure-copte\/#primaryimage"},"image":{"@id":"https:\/\/delphineplatten.com\/product\/reliure-copte\/#primaryimage"},"thumbnailUrl":"https:\/\/delphineplatten.com\/wp-content\/uploads\/2025\/06\/IMG_0649-copie-e1750277569544.jpg","datePublished":"2025-06-18T19:26:12+00:00","dateModified":"2025-12-23T13:02:42+00:00","description":"L'Atelier Delphine Platten propose des cours et des produits exceptionnels consacr\u00e9s \u00e0 l'art de la reliure. Cr\u00e9ations uniques, outils et mat\u00e9riaux, cours en atelier, vous trouverez tout ce dont vous avez besoin.","breadcrumb":{"@id":"https:\/\/delphineplatten.com\/product\/reliure-copte\/#breadcrumb"},"inLanguage":"en-CA","potentialAction":[{"@type":"ReadAction","target":["https:\/\/delphineplatten.com\/product\/reliure-copte\/"]}]},{"@type":"ImageObject","inLanguage":"en-CA","@id":"https:\/\/delphineplatten.com\/product\/reliure-copte\/#primaryimage","url":"https:\/\/delphineplatten.com\/wp-content\/uploads\/2025\/06\/IMG_0649-copie-e1750277569544.jpg","contentUrl":"https:\/\/delphineplatten.com\/wp-content\/uploads\/2025\/06\/IMG_0649-copie-e1750277569544.jpg","width":1350,"height":1350,"caption":"Reliure copte bleue klein, tenue par deux mains, sur fond rose"},{"@type":"BreadcrumbList","@id":"https:\/\/delphineplatten.com\/product\/reliure-copte\/#breadcrumb","itemListElement":[{"@type":"ListItem","position":1,"name":"Accueil","item":"https:\/\/delphineplatten.com\/"},{"@type":"ListItem","position":2,"name":"Tous les produits","item":"https:\/\/delphineplatten.com\/en\/boutique\/tous-les-produits\/"},{"@type":"ListItem","position":3,"name":"Reliure copte"}]},{"@type":"WebSite","@id":"https:\/\/delphineplatten.com\/#website","url":"https:\/\/delphineplatten.com\/","name":"Delphine Platten","description":"Atelier de reliure moderne","publisher":{"@id":"https:\/\/delphineplatten.com\/#organization"},"potentialAction":[{"@type":"SearchAction","target":{"@type":"EntryPoint","urlTemplate":"https:\/\/delphineplatten.com\/?s={search_term_string}"},"query-input":{"@type":"PropertyValueSpecification","valueRequired":true,"valueName":"search_term_string"}}],"inLanguage":"en-CA"},{"@type":"Organization","@id":"https:\/\/delphineplatten.com\/#organization","name":"Delphine Platten","url":"https:\/\/delphineplatten.com\/","logo":{"@type":"ImageObject","inLanguage":"en-CA","@id":"https:\/\/delphineplatten.com\/#\/schema\/logo\/image\/","url":"https:\/\/delphineplatten.com\/wp-content\/uploads\/2023\/06\/Delphine_Platten_Logo.png","contentUrl":"https:\/\/delphineplatten.com\/wp-content\/uploads\/2023\/06\/Delphine_Platten_Logo.png","width":320,"height":320,"caption":"Delphine Platten"},"image":{"@id":"https:\/\/delphineplatten.com\/#\/schema\/logo\/image\/"},"sameAs":["https:\/\/www.facebook.com\/DelphinePlattenReliure"]}]}},"_links":{"self":[{"href":"https:\/\/delphineplatten.com\/en\/wp-json\/wp\/v2\/product\/4602","targetHints":{"allow":["GET"]}}],"collection":[{"href":"https:\/\/delphineplatten.com\/en\/wp-json\/wp\/v2\/product"}],"about":[{"href":"https:\/\/delphineplatten.com\/en\/wp-json\/wp\/v2\/types\/product"}],"replies":[{"embeddable":true,"href":"https:\/\/delphineplatten.com\/en\/wp-json\/wp\/v2\/comments?post=4602"}],"wp:featuredmedia":[{"embeddable":true,"href":"https:\/\/delphineplatten.com\/en\/wp-json\/wp\/v2\/media\/4608"}],"wp:attachment":[{"href":"https:\/\/delphineplatten.com\/en\/wp-json\/wp\/v2\/media?parent=4602"}],"wp:term":[{"taxonomy":"product_brand","embeddable":true,"href":"https:\/\/delphineplatten.com\/en\/wp-json\/wp\/v2\/product_brand?post=4602"},{"taxonomy":"product_cat","embeddable":true,"href":"https:\/\/delphineplatten.com\/en\/wp-json\/wp\/v2\/product_cat?post=4602"},{"taxonomy":"product_tag","embeddable":true,"href":"https:\/\/delphineplatten.com\/en\/wp-json\/wp\/v2\/product_tag?post=4602"}],"curies":[{"name":"wp","href":"https:\/\/api.w.org\/{rel}","templated":true}]}}