{"id":4304,"date":"2023-12-15T14:27:15","date_gmt":"2023-12-15T19:27:15","guid":{"rendered":"https:\/\/delphineplatten.com\/?post_type=product&#038;p=4304"},"modified":"2025-12-19T16:30:38","modified_gmt":"2025-12-19T21:30:38","slug":"carte-cadeau-cours-de-reliure","status":"publish","type":"product","link":"https:\/\/delphineplatten.com\/en\/product\/carte-cadeau-cours-de-reliure\/","title":{"rendered":"CARTE-CADEAU 1 journ\u00e9e"},"content":{"rendered":"<p><strong>Offrez un cours de reliure en cadeau!<\/strong><\/p>\n<p>La personne pourra choisir le cours qu&rsquo;elle souhaite, parmi tous ceux propos\u00e9s \u00e0 ce tarif (cours d&rsquo;une journ\u00e9e), et aura juste \u00e0 m&rsquo;informer par courriel du cours souhait\u00e9 pour que sa place soit r\u00e9serv\u00e9e.<\/p>\n<p>La plupart des cours sont accessibles aux d\u00e9butants et se d\u00e9roulent \u00e0 mon atelier, dans Rosemont, en petits groupes de 4 \u00e9l\u00e8ves.<\/p>\n<p>En proc\u00e9dant au paiement, vous pourrez r\u00e9cup\u00e9rer un document \u00e0 imprimer ou bien vous pouvez m&rsquo;\u00e9crire afin que j&rsquo;envoie une carte par voie postale.<\/p>","protected":false},"excerpt":{"rendered":"<p>Offrez un cours de reliure en cadeau! La personne pourra choisir le cours qu&rsquo;elle souhaite, parmi tous ceux propos\u00e9s \u00e0 ce tarif (cours d&rsquo;une journ\u00e9e), et aura juste \u00e0 m&rsquo;informer par courriel du cours souhait\u00e9 pour que sa place soit&hellip; <a class=\"more-link\" href=\"https:\/\/delphineplatten.com\/en\/product\/carte-cadeau-cours-de-reliure\/\">Continuer \u00e0 lire&#8230;<\/a><\/p>","protected":false},"featured_media":33,"comment_status":"closed","ping_status":"closed","template":"","meta":{"_coblocks_attr":"","_coblocks_dimensions":"","_coblocks_responsive_height":"","_coblocks_accordion_ie_support":""},"product_brand":[],"product_cat":[135],"product_tag":[],"class_list":{"0":"post-4304","1":"product","2":"type-product","3":"status-publish","4":"has-post-thumbnail","6":"product_cat-cours-en-atelier","7":"entry","9":"first","10":"instock","11":"downloadable","12":"virtual","13":"taxable","14":"purchasable","15":"product-type-simple"},"yoast_head":"<!-- This site is optimized with the Yoast SEO plugin v27.4 - https:\/\/yoast.com\/product\/yoast-seo-wordpress\/ -->\n<title>CARTE-CADEAU 1 journ\u00e9e | Delphine Platten<\/title>\n<meta name=\"description\" content=\"L&#039;Atelier Delphine Platten propose des cours et des produits exceptionnels consacr\u00e9s \u00e0 l&#039;art de la reliure. Cr\u00e9ations uniques, outils et mat\u00e9riaux, cours en atelier, vous trouverez tout ce dont vous avez besoin.\" \/>\n<meta name=\"robots\" content=\"index, follow, max-snippet:-1, max-image-preview:large, max-video-preview:-1\" \/>\n<link rel=\"canonical\" href=\"https:\/\/delphineplatten.com\/en\/product\/carte-cadeau-cours-de-reliure\/\" \/>\n<meta property=\"og:locale\" content=\"en_US\" \/>\n<meta property=\"og:type\" content=\"article\" \/>\n<meta property=\"og:title\" content=\"CARTE-CADEAU 1 journ\u00e9e | Delphine Platten\" \/>\n<meta property=\"og:description\" content=\"L&#039;Atelier Delphine Platten propose des cours et des produits exceptionnels consacr\u00e9s \u00e0 l&#039;art de la reliure. Cr\u00e9ations uniques, outils et mat\u00e9riaux, cours en atelier, vous trouverez tout ce dont vous avez besoin.\" \/>\n<meta property=\"og:url\" content=\"https:\/\/delphineplatten.com\/en\/product\/carte-cadeau-cours-de-reliure\/\" \/>\n<meta property=\"og:site_name\" content=\"Delphine Platten\" \/>\n<meta property=\"article:publisher\" content=\"https:\/\/www.facebook.com\/DelphinePlattenReliure\" \/>\n<meta property=\"article:modified_time\" content=\"2025-12-19T21:30:38+00:00\" \/>\n<meta property=\"og:image\" content=\"https:\/\/delphineplatten.com\/wp-content\/uploads\/2023\/06\/Delphine-Platten-Les-cours.jpg\" \/>\n\t<meta property=\"og:image:width\" content=\"1500\" \/>\n\t<meta property=\"og:image:height\" content=\"844\" \/>\n\t<meta property=\"og:image:type\" content=\"image\/jpeg\" \/>\n<meta name=\"twitter:card\" content=\"summary_large_image\" \/>\n<meta name=\"twitter:label1\" content=\"Est. reading time\" \/>\n\t<meta name=\"twitter:data1\" content=\"1 minute\" \/>\n<script type=\"application\/ld+json\" class=\"yoast-schema-graph\">{\"@context\":\"https:\\\/\\\/schema.org\",\"@graph\":[{\"@type\":\"WebPage\",\"@id\":\"https:\\\/\\\/delphineplatten.com\\\/product\\\/carte-cadeau-cours-de-reliure\\\/\",\"url\":\"https:\\\/\\\/delphineplatten.com\\\/product\\\/carte-cadeau-cours-de-reliure\\\/\",\"name\":\"CARTE-CADEAU 1 journ\u00e9e | Delphine Platten\",\"isPartOf\":{\"@id\":\"https:\\\/\\\/delphineplatten.com\\\/#website\"},\"primaryImageOfPage\":{\"@id\":\"https:\\\/\\\/delphineplatten.com\\\/product\\\/carte-cadeau-cours-de-reliure\\\/#primaryimage\"},\"image\":{\"@id\":\"https:\\\/\\\/delphineplatten.com\\\/product\\\/carte-cadeau-cours-de-reliure\\\/#primaryimage\"},\"thumbnailUrl\":\"https:\\\/\\\/delphineplatten.com\\\/wp-content\\\/uploads\\\/2023\\\/06\\\/Delphine-Platten-Les-cours.jpg\",\"datePublished\":\"2023-12-15T19:27:15+00:00\",\"dateModified\":\"2025-12-19T21:30:38+00:00\",\"description\":\"L'Atelier Delphine Platten propose des cours et des produits exceptionnels consacr\u00e9s \u00e0 l'art de la reliure. Cr\u00e9ations uniques, outils et mat\u00e9riaux, cours en atelier, vous trouverez tout ce dont vous avez besoin.\",\"breadcrumb\":{\"@id\":\"https:\\\/\\\/delphineplatten.com\\\/product\\\/carte-cadeau-cours-de-reliure\\\/#breadcrumb\"},\"inLanguage\":\"en-CA\",\"potentialAction\":[{\"@type\":\"ReadAction\",\"target\":[\"https:\\\/\\\/delphineplatten.com\\\/product\\\/carte-cadeau-cours-de-reliure\\\/\"]}]},{\"@type\":\"ImageObject\",\"inLanguage\":\"en-CA\",\"@id\":\"https:\\\/\\\/delphineplatten.com\\\/product\\\/carte-cadeau-cours-de-reliure\\\/#primaryimage\",\"url\":\"https:\\\/\\\/delphineplatten.com\\\/wp-content\\\/uploads\\\/2023\\\/06\\\/Delphine-Platten-Les-cours.jpg\",\"contentUrl\":\"https:\\\/\\\/delphineplatten.com\\\/wp-content\\\/uploads\\\/2023\\\/06\\\/Delphine-Platten-Les-cours.jpg\",\"width\":1500,\"height\":844},{\"@type\":\"BreadcrumbList\",\"@id\":\"https:\\\/\\\/delphineplatten.com\\\/product\\\/carte-cadeau-cours-de-reliure\\\/#breadcrumb\",\"itemListElement\":[{\"@type\":\"ListItem\",\"position\":1,\"name\":\"Accueil\",\"item\":\"https:\\\/\\\/delphineplatten.com\\\/\"},{\"@type\":\"ListItem\",\"position\":2,\"name\":\"Tous les produits\",\"item\":\"https:\\\/\\\/delphineplatten.com\\\/en\\\/boutique\\\/tous-les-produits\\\/\"},{\"@type\":\"ListItem\",\"position\":3,\"name\":\"CARTE-CADEAU 1 journ\u00e9e\"}]},{\"@type\":\"WebSite\",\"@id\":\"https:\\\/\\\/delphineplatten.com\\\/#website\",\"url\":\"https:\\\/\\\/delphineplatten.com\\\/\",\"name\":\"Delphine Platten\",\"description\":\"Atelier de reliure moderne\",\"publisher\":{\"@id\":\"https:\\\/\\\/delphineplatten.com\\\/#organization\"},\"potentialAction\":[{\"@type\":\"SearchAction\",\"target\":{\"@type\":\"EntryPoint\",\"urlTemplate\":\"https:\\\/\\\/delphineplatten.com\\\/?s={search_term_string}\"},\"query-input\":{\"@type\":\"PropertyValueSpecification\",\"valueRequired\":true,\"valueName\":\"search_term_string\"}}],\"inLanguage\":\"en-CA\"},{\"@type\":\"Organization\",\"@id\":\"https:\\\/\\\/delphineplatten.com\\\/#organization\",\"name\":\"Delphine Platten\",\"url\":\"https:\\\/\\\/delphineplatten.com\\\/\",\"logo\":{\"@type\":\"ImageObject\",\"inLanguage\":\"en-CA\",\"@id\":\"https:\\\/\\\/delphineplatten.com\\\/#\\\/schema\\\/logo\\\/image\\\/\",\"url\":\"https:\\\/\\\/delphineplatten.com\\\/wp-content\\\/uploads\\\/2023\\\/06\\\/Delphine_Platten_Logo.png\",\"contentUrl\":\"https:\\\/\\\/delphineplatten.com\\\/wp-content\\\/uploads\\\/2023\\\/06\\\/Delphine_Platten_Logo.png\",\"width\":320,\"height\":320,\"caption\":\"Delphine Platten\"},\"image\":{\"@id\":\"https:\\\/\\\/delphineplatten.com\\\/#\\\/schema\\\/logo\\\/image\\\/\"},\"sameAs\":[\"https:\\\/\\\/www.facebook.com\\\/DelphinePlattenReliure\"]}]}<\/script>\n<!-- \/ Yoast SEO plugin. -->","yoast_head_json":{"title":"CARTE-CADEAU 1 journ\u00e9e | Delphine Platten","description":"L'Atelier Delphine Platten propose des cours et des produits exceptionnels consacr\u00e9s \u00e0 l'art de la reliure. Cr\u00e9ations uniques, outils et mat\u00e9riaux, cours en atelier, vous trouverez tout ce dont vous avez besoin.","robots":{"index":"index","follow":"follow","max-snippet":"max-snippet:-1","max-image-preview":"max-image-preview:large","max-video-preview":"max-video-preview:-1"},"canonical":"https:\/\/delphineplatten.com\/en\/product\/carte-cadeau-cours-de-reliure\/","og_locale":"en_US","og_type":"article","og_title":"CARTE-CADEAU 1 journ\u00e9e | Delphine Platten","og_description":"L'Atelier Delphine Platten propose des cours et des produits exceptionnels consacr\u00e9s \u00e0 l'art de la reliure. Cr\u00e9ations uniques, outils et mat\u00e9riaux, cours en atelier, vous trouverez tout ce dont vous avez besoin.","og_url":"https:\/\/delphineplatten.com\/en\/product\/carte-cadeau-cours-de-reliure\/","og_site_name":"Delphine Platten","article_publisher":"https:\/\/www.facebook.com\/DelphinePlattenReliure","article_modified_time":"2025-12-19T21:30:38+00:00","og_image":[{"width":1500,"height":844,"url":"https:\/\/delphineplatten.com\/wp-content\/uploads\/2023\/06\/Delphine-Platten-Les-cours.jpg","type":"image\/jpeg"}],"twitter_card":"summary_large_image","twitter_misc":{"Est. reading time":"1 minute"},"schema":{"@context":"https:\/\/schema.org","@graph":[{"@type":"WebPage","@id":"https:\/\/delphineplatten.com\/product\/carte-cadeau-cours-de-reliure\/","url":"https:\/\/delphineplatten.com\/product\/carte-cadeau-cours-de-reliure\/","name":"CARTE-CADEAU 1 journ\u00e9e | Delphine Platten","isPartOf":{"@id":"https:\/\/delphineplatten.com\/#website"},"primaryImageOfPage":{"@id":"https:\/\/delphineplatten.com\/product\/carte-cadeau-cours-de-reliure\/#primaryimage"},"image":{"@id":"https:\/\/delphineplatten.com\/product\/carte-cadeau-cours-de-reliure\/#primaryimage"},"thumbnailUrl":"https:\/\/delphineplatten.com\/wp-content\/uploads\/2023\/06\/Delphine-Platten-Les-cours.jpg","datePublished":"2023-12-15T19:27:15+00:00","dateModified":"2025-12-19T21:30:38+00:00","description":"L'Atelier Delphine Platten propose des cours et des produits exceptionnels consacr\u00e9s \u00e0 l'art de la reliure. Cr\u00e9ations uniques, outils et mat\u00e9riaux, cours en atelier, vous trouverez tout ce dont vous avez besoin.","breadcrumb":{"@id":"https:\/\/delphineplatten.com\/product\/carte-cadeau-cours-de-reliure\/#breadcrumb"},"inLanguage":"en-CA","potentialAction":[{"@type":"ReadAction","target":["https:\/\/delphineplatten.com\/product\/carte-cadeau-cours-de-reliure\/"]}]},{"@type":"ImageObject","inLanguage":"en-CA","@id":"https:\/\/delphineplatten.com\/product\/carte-cadeau-cours-de-reliure\/#primaryimage","url":"https:\/\/delphineplatten.com\/wp-content\/uploads\/2023\/06\/Delphine-Platten-Les-cours.jpg","contentUrl":"https:\/\/delphineplatten.com\/wp-content\/uploads\/2023\/06\/Delphine-Platten-Les-cours.jpg","width":1500,"height":844},{"@type":"BreadcrumbList","@id":"https:\/\/delphineplatten.com\/product\/carte-cadeau-cours-de-reliure\/#breadcrumb","itemListElement":[{"@type":"ListItem","position":1,"name":"Accueil","item":"https:\/\/delphineplatten.com\/"},{"@type":"ListItem","position":2,"name":"Tous les produits","item":"https:\/\/delphineplatten.com\/en\/boutique\/tous-les-produits\/"},{"@type":"ListItem","position":3,"name":"CARTE-CADEAU 1 journ\u00e9e"}]},{"@type":"WebSite","@id":"https:\/\/delphineplatten.com\/#website","url":"https:\/\/delphineplatten.com\/","name":"Delphine Platten","description":"Atelier de reliure moderne","publisher":{"@id":"https:\/\/delphineplatten.com\/#organization"},"potentialAction":[{"@type":"SearchAction","target":{"@type":"EntryPoint","urlTemplate":"https:\/\/delphineplatten.com\/?s={search_term_string}"},"query-input":{"@type":"PropertyValueSpecification","valueRequired":true,"valueName":"search_term_string"}}],"inLanguage":"en-CA"},{"@type":"Organization","@id":"https:\/\/delphineplatten.com\/#organization","name":"Delphine Platten","url":"https:\/\/delphineplatten.com\/","logo":{"@type":"ImageObject","inLanguage":"en-CA","@id":"https:\/\/delphineplatten.com\/#\/schema\/logo\/image\/","url":"https:\/\/delphineplatten.com\/wp-content\/uploads\/2023\/06\/Delphine_Platten_Logo.png","contentUrl":"https:\/\/delphineplatten.com\/wp-content\/uploads\/2023\/06\/Delphine_Platten_Logo.png","width":320,"height":320,"caption":"Delphine Platten"},"image":{"@id":"https:\/\/delphineplatten.com\/#\/schema\/logo\/image\/"},"sameAs":["https:\/\/www.facebook.com\/DelphinePlattenReliure"]}]}},"_links":{"self":[{"href":"https:\/\/delphineplatten.com\/en\/wp-json\/wp\/v2\/product\/4304","targetHints":{"allow":["GET"]}}],"collection":[{"href":"https:\/\/delphineplatten.com\/en\/wp-json\/wp\/v2\/product"}],"about":[{"href":"https:\/\/delphineplatten.com\/en\/wp-json\/wp\/v2\/types\/product"}],"replies":[{"embeddable":true,"href":"https:\/\/delphineplatten.com\/en\/wp-json\/wp\/v2\/comments?post=4304"}],"wp:featuredmedia":[{"embeddable":true,"href":"https:\/\/delphineplatten.com\/en\/wp-json\/wp\/v2\/media\/33"}],"wp:attachment":[{"href":"https:\/\/delphineplatten.com\/en\/wp-json\/wp\/v2\/media?parent=4304"}],"wp:term":[{"taxonomy":"product_brand","embeddable":true,"href":"https:\/\/delphineplatten.com\/en\/wp-json\/wp\/v2\/product_brand?post=4304"},{"taxonomy":"product_cat","embeddable":true,"href":"https:\/\/delphineplatten.com\/en\/wp-json\/wp\/v2\/product_cat?post=4304"},{"taxonomy":"product_tag","embeddable":true,"href":"https:\/\/delphineplatten.com\/en\/wp-json\/wp\/v2\/product_tag?post=4304"}],"curies":[{"name":"wp","href":"https:\/\/api.w.org\/{rel}","templated":true}]}}