{"id":417,"date":"2023-07-04T19:02:03","date_gmt":"2023-07-04T19:02:03","guid":{"rendered":"https:\/\/delphineplatten.com\/?post_type=product&#038;p=417"},"modified":"2023-09-30T12:40:00","modified_gmt":"2023-09-30T16:40:00","slug":"protege-carnet-personnalisable","status":"publish","type":"product","link":"https:\/\/delphineplatten.com\/en\/product\/protege-carnet-personnalisable\/","title":{"rendered":"Prot\u00e8ge-carnet \u00e0 lacet personnalisable"},"content":{"rendered":"<p>Conservez vos carnets de notes dans ce prot\u00e8ge-carnet en cuir v\u00e9ritable, enti\u00e8rement fait \u00e0 la main \u00e0 Montr\u00e9al, avec des mat\u00e9riaux de haute qualit\u00e9. Durable, recyclable et rechargeable, il durera aussi longtemps que vous en prendrez soin et se patinera joliment avec le temps.<\/p>\n<p>Ce prot\u00e8ge-carnet est adapt\u00e9 aux carnets de notes de type Moleskine, et est disponible en deux tailles.<\/p>\n<p>Personnalisez-le gratuitement avec vos initiales ou votre pr\u00e9nom (maximum 8 lettres); et choisissez\u00a0la couleur d\u00e9sir\u00e9e du marquage \u00e0 chaud.<br \/>\nUn carnet lign\u00e9 est fourni \u00e0 l&rsquo;achat (les recharges se trouvent facilement en magasin ou en ligne).<\/p>","protected":false},"excerpt":{"rendered":"<p>Chaque prot\u00e8ge carnet est unique, gr\u00e2ce \u00e0 la texture inimitable du cuir.<br \/>\nLes variations de texture et de couleur sont normales sur les produits en cuir v\u00e9ritable, et ne constituent nullement des d\u00e9fauts.<\/p>\n<p>Les cuirs proviennent de tanneries europ\u00e9ennes et asiatiques respectant les meilleures normes environnementales.<br \/>\n<strong>\u00b7<\/strong> Cuirs certifi\u00e9s ISO 14001 et ISO 9001, REACH et LWG Environmental Stewardship audit.<\/p>\n<p>La fermeture se fait gr\u00e2ce \u00e0 un lacet de su\u00e8de assorti et le rabat est fix\u00e9 par des points du fil de lin.<br \/>\n<strong>\u00b7<\/strong> Colle \u00e0 base d&rsquo;eau et fil de lin naturel.<\/p>\n<p>Entretien : un peu de cire pour cuir, appliqu\u00e9 \u00e0 l&rsquo;aide d&rsquo;un chiffon doux.<\/p>\n<p>Frais de port offerts au Canada.<\/p>\n<p>Un carnet lign\u00e9 est fourni \u00e0 l&rsquo;achat.<\/p>","protected":false},"featured_media":453,"comment_status":"open","ping_status":"closed","template":"","meta":{"_coblocks_attr":"","_coblocks_dimensions":"","_coblocks_responsive_height":"","_coblocks_accordion_ie_support":""},"product_brand":[],"product_cat":[33],"product_tag":[],"class_list":{"0":"post-417","1":"product","2":"type-product","3":"status-publish","4":"has-post-thumbnail","6":"product_cat-petite-maroquinerie","7":"entry","9":"first","10":"outofstock","11":"taxable","12":"shipping-taxable","13":"purchasable","14":"product-type-variable"},"yoast_head":"<!-- This site is optimized with the Yoast SEO plugin v27.5 - https:\/\/yoast.com\/product\/yoast-seo-wordpress\/ -->\n<title>Prot\u00e8ge-carnet \u00e0 lacet personnalisable | Delphine Platten<\/title>\n<meta name=\"description\" content=\"L&#039;Atelier Delphine Platten propose des cours et des produits exceptionnels consacr\u00e9s \u00e0 l&#039;art de la reliure. Cr\u00e9ations uniques, outils et mat\u00e9riaux, cours en atelier, vous trouverez tout ce dont vous avez besoin.\" \/>\n<meta name=\"robots\" content=\"index, follow, max-snippet:-1, max-image-preview:large, max-video-preview:-1\" \/>\n<link rel=\"canonical\" href=\"https:\/\/delphineplatten.com\/en\/product\/protege-carnet-personnalisable\/\" \/>\n<meta property=\"og:locale\" content=\"en_US\" \/>\n<meta property=\"og:type\" content=\"article\" \/>\n<meta property=\"og:title\" content=\"Prot\u00e8ge-carnet \u00e0 lacet personnalisable | Delphine Platten\" \/>\n<meta property=\"og:description\" content=\"L&#039;Atelier Delphine Platten propose des cours et des produits exceptionnels consacr\u00e9s \u00e0 l&#039;art de la reliure. Cr\u00e9ations uniques, outils et mat\u00e9riaux, cours en atelier, vous trouverez tout ce dont vous avez besoin.\" \/>\n<meta property=\"og:url\" content=\"https:\/\/delphineplatten.com\/en\/product\/protege-carnet-personnalisable\/\" \/>\n<meta property=\"og:site_name\" content=\"Delphine Platten\" \/>\n<meta property=\"article:publisher\" content=\"https:\/\/www.facebook.com\/DelphinePlattenReliure\" \/>\n<meta property=\"article:modified_time\" content=\"2023-09-30T16:40:00+00:00\" \/>\n<meta property=\"og:image\" content=\"https:\/\/delphineplatten.com\/wp-content\/uploads\/2023\/07\/Delphine-Platten-Protege-carnet-en-cuir-Fermeture-a-lacet-Fuchsia.jpg\" \/>\n\t<meta property=\"og:image:width\" content=\"1920\" \/>\n\t<meta property=\"og:image:height\" content=\"1080\" \/>\n\t<meta property=\"og:image:type\" content=\"image\/jpeg\" \/>\n<meta name=\"twitter:card\" content=\"summary_large_image\" \/>\n<meta name=\"twitter:label1\" content=\"Est. reading time\" \/>\n\t<meta name=\"twitter:data1\" content=\"1 minute\" \/>\n<script type=\"application\/ld+json\" class=\"yoast-schema-graph\">{\"@context\":\"https:\\\/\\\/schema.org\",\"@graph\":[{\"@type\":\"WebPage\",\"@id\":\"https:\\\/\\\/delphineplatten.com\\\/product\\\/protege-carnet-personnalisable\\\/\",\"url\":\"https:\\\/\\\/delphineplatten.com\\\/product\\\/protege-carnet-personnalisable\\\/\",\"name\":\"Prot\u00e8ge-carnet \u00e0 lacet personnalisable | Delphine Platten\",\"isPartOf\":{\"@id\":\"https:\\\/\\\/delphineplatten.com\\\/#website\"},\"primaryImageOfPage\":{\"@id\":\"https:\\\/\\\/delphineplatten.com\\\/product\\\/protege-carnet-personnalisable\\\/#primaryimage\"},\"image\":{\"@id\":\"https:\\\/\\\/delphineplatten.com\\\/product\\\/protege-carnet-personnalisable\\\/#primaryimage\"},\"thumbnailUrl\":\"https:\\\/\\\/delphineplatten.com\\\/wp-content\\\/uploads\\\/2023\\\/07\\\/Delphine-Platten-Protege-carnet-en-cuir-Fermeture-a-lacet-Fuchsia.jpg\",\"datePublished\":\"2023-07-04T19:02:03+00:00\",\"dateModified\":\"2023-09-30T16:40:00+00:00\",\"description\":\"L'Atelier Delphine Platten propose des cours et des produits exceptionnels consacr\u00e9s \u00e0 l'art de la reliure. Cr\u00e9ations uniques, outils et mat\u00e9riaux, cours en atelier, vous trouverez tout ce dont vous avez besoin.\",\"breadcrumb\":{\"@id\":\"https:\\\/\\\/delphineplatten.com\\\/product\\\/protege-carnet-personnalisable\\\/#breadcrumb\"},\"inLanguage\":\"en-CA\",\"potentialAction\":[{\"@type\":\"ReadAction\",\"target\":[\"https:\\\/\\\/delphineplatten.com\\\/product\\\/protege-carnet-personnalisable\\\/\"]}]},{\"@type\":\"ImageObject\",\"inLanguage\":\"en-CA\",\"@id\":\"https:\\\/\\\/delphineplatten.com\\\/product\\\/protege-carnet-personnalisable\\\/#primaryimage\",\"url\":\"https:\\\/\\\/delphineplatten.com\\\/wp-content\\\/uploads\\\/2023\\\/07\\\/Delphine-Platten-Protege-carnet-en-cuir-Fermeture-a-lacet-Fuchsia.jpg\",\"contentUrl\":\"https:\\\/\\\/delphineplatten.com\\\/wp-content\\\/uploads\\\/2023\\\/07\\\/Delphine-Platten-Protege-carnet-en-cuir-Fermeture-a-lacet-Fuchsia.jpg\",\"width\":1920,\"height\":1080,\"caption\":\"Prote\u0300ge-carnet en cuir - Fermeture a\u0300 lacet - Fuchsia\"},{\"@type\":\"BreadcrumbList\",\"@id\":\"https:\\\/\\\/delphineplatten.com\\\/product\\\/protege-carnet-personnalisable\\\/#breadcrumb\",\"itemListElement\":[{\"@type\":\"ListItem\",\"position\":1,\"name\":\"Accueil\",\"item\":\"https:\\\/\\\/delphineplatten.com\\\/\"},{\"@type\":\"ListItem\",\"position\":2,\"name\":\"Tous les produits\",\"item\":\"https:\\\/\\\/delphineplatten.com\\\/en\\\/boutique\\\/tous-les-produits\\\/\"},{\"@type\":\"ListItem\",\"position\":3,\"name\":\"Prot\u00e8ge-carnet \u00e0 lacet personnalisable\"}]},{\"@type\":\"WebSite\",\"@id\":\"https:\\\/\\\/delphineplatten.com\\\/#website\",\"url\":\"https:\\\/\\\/delphineplatten.com\\\/\",\"name\":\"Delphine Platten\",\"description\":\"Atelier de reliure moderne\",\"publisher\":{\"@id\":\"https:\\\/\\\/delphineplatten.com\\\/#organization\"},\"potentialAction\":[{\"@type\":\"SearchAction\",\"target\":{\"@type\":\"EntryPoint\",\"urlTemplate\":\"https:\\\/\\\/delphineplatten.com\\\/?s={search_term_string}\"},\"query-input\":{\"@type\":\"PropertyValueSpecification\",\"valueRequired\":true,\"valueName\":\"search_term_string\"}}],\"inLanguage\":\"en-CA\"},{\"@type\":\"Organization\",\"@id\":\"https:\\\/\\\/delphineplatten.com\\\/#organization\",\"name\":\"Delphine Platten\",\"url\":\"https:\\\/\\\/delphineplatten.com\\\/\",\"logo\":{\"@type\":\"ImageObject\",\"inLanguage\":\"en-CA\",\"@id\":\"https:\\\/\\\/delphineplatten.com\\\/#\\\/schema\\\/logo\\\/image\\\/\",\"url\":\"https:\\\/\\\/delphineplatten.com\\\/wp-content\\\/uploads\\\/2023\\\/06\\\/Delphine_Platten_Logo.png\",\"contentUrl\":\"https:\\\/\\\/delphineplatten.com\\\/wp-content\\\/uploads\\\/2023\\\/06\\\/Delphine_Platten_Logo.png\",\"width\":320,\"height\":320,\"caption\":\"Delphine Platten\"},\"image\":{\"@id\":\"https:\\\/\\\/delphineplatten.com\\\/#\\\/schema\\\/logo\\\/image\\\/\"},\"sameAs\":[\"https:\\\/\\\/www.facebook.com\\\/DelphinePlattenReliure\"]}]}<\/script>\n<!-- \/ Yoast SEO plugin. -->","yoast_head_json":{"title":"Prot\u00e8ge-carnet \u00e0 lacet personnalisable | Delphine Platten","description":"L'Atelier Delphine Platten propose des cours et des produits exceptionnels consacr\u00e9s \u00e0 l'art de la reliure. Cr\u00e9ations uniques, outils et mat\u00e9riaux, cours en atelier, vous trouverez tout ce dont vous avez besoin.","robots":{"index":"index","follow":"follow","max-snippet":"max-snippet:-1","max-image-preview":"max-image-preview:large","max-video-preview":"max-video-preview:-1"},"canonical":"https:\/\/delphineplatten.com\/en\/product\/protege-carnet-personnalisable\/","og_locale":"en_US","og_type":"article","og_title":"Prot\u00e8ge-carnet \u00e0 lacet personnalisable | Delphine Platten","og_description":"L'Atelier Delphine Platten propose des cours et des produits exceptionnels consacr\u00e9s \u00e0 l'art de la reliure. Cr\u00e9ations uniques, outils et mat\u00e9riaux, cours en atelier, vous trouverez tout ce dont vous avez besoin.","og_url":"https:\/\/delphineplatten.com\/en\/product\/protege-carnet-personnalisable\/","og_site_name":"Delphine Platten","article_publisher":"https:\/\/www.facebook.com\/DelphinePlattenReliure","article_modified_time":"2023-09-30T16:40:00+00:00","og_image":[{"width":1920,"height":1080,"url":"https:\/\/delphineplatten.com\/wp-content\/uploads\/2023\/07\/Delphine-Platten-Protege-carnet-en-cuir-Fermeture-a-lacet-Fuchsia.jpg","type":"image\/jpeg"}],"twitter_card":"summary_large_image","twitter_misc":{"Est. reading time":"1 minute"},"schema":{"@context":"https:\/\/schema.org","@graph":[{"@type":"WebPage","@id":"https:\/\/delphineplatten.com\/product\/protege-carnet-personnalisable\/","url":"https:\/\/delphineplatten.com\/product\/protege-carnet-personnalisable\/","name":"Prot\u00e8ge-carnet \u00e0 lacet personnalisable | Delphine Platten","isPartOf":{"@id":"https:\/\/delphineplatten.com\/#website"},"primaryImageOfPage":{"@id":"https:\/\/delphineplatten.com\/product\/protege-carnet-personnalisable\/#primaryimage"},"image":{"@id":"https:\/\/delphineplatten.com\/product\/protege-carnet-personnalisable\/#primaryimage"},"thumbnailUrl":"https:\/\/delphineplatten.com\/wp-content\/uploads\/2023\/07\/Delphine-Platten-Protege-carnet-en-cuir-Fermeture-a-lacet-Fuchsia.jpg","datePublished":"2023-07-04T19:02:03+00:00","dateModified":"2023-09-30T16:40:00+00:00","description":"L'Atelier Delphine Platten propose des cours et des produits exceptionnels consacr\u00e9s \u00e0 l'art de la reliure. Cr\u00e9ations uniques, outils et mat\u00e9riaux, cours en atelier, vous trouverez tout ce dont vous avez besoin.","breadcrumb":{"@id":"https:\/\/delphineplatten.com\/product\/protege-carnet-personnalisable\/#breadcrumb"},"inLanguage":"en-CA","potentialAction":[{"@type":"ReadAction","target":["https:\/\/delphineplatten.com\/product\/protege-carnet-personnalisable\/"]}]},{"@type":"ImageObject","inLanguage":"en-CA","@id":"https:\/\/delphineplatten.com\/product\/protege-carnet-personnalisable\/#primaryimage","url":"https:\/\/delphineplatten.com\/wp-content\/uploads\/2023\/07\/Delphine-Platten-Protege-carnet-en-cuir-Fermeture-a-lacet-Fuchsia.jpg","contentUrl":"https:\/\/delphineplatten.com\/wp-content\/uploads\/2023\/07\/Delphine-Platten-Protege-carnet-en-cuir-Fermeture-a-lacet-Fuchsia.jpg","width":1920,"height":1080,"caption":"Prote\u0300ge-carnet en cuir - Fermeture a\u0300 lacet - Fuchsia"},{"@type":"BreadcrumbList","@id":"https:\/\/delphineplatten.com\/product\/protege-carnet-personnalisable\/#breadcrumb","itemListElement":[{"@type":"ListItem","position":1,"name":"Accueil","item":"https:\/\/delphineplatten.com\/"},{"@type":"ListItem","position":2,"name":"Tous les produits","item":"https:\/\/delphineplatten.com\/en\/boutique\/tous-les-produits\/"},{"@type":"ListItem","position":3,"name":"Prot\u00e8ge-carnet \u00e0 lacet personnalisable"}]},{"@type":"WebSite","@id":"https:\/\/delphineplatten.com\/#website","url":"https:\/\/delphineplatten.com\/","name":"Delphine Platten","description":"Atelier de reliure moderne","publisher":{"@id":"https:\/\/delphineplatten.com\/#organization"},"potentialAction":[{"@type":"SearchAction","target":{"@type":"EntryPoint","urlTemplate":"https:\/\/delphineplatten.com\/?s={search_term_string}"},"query-input":{"@type":"PropertyValueSpecification","valueRequired":true,"valueName":"search_term_string"}}],"inLanguage":"en-CA"},{"@type":"Organization","@id":"https:\/\/delphineplatten.com\/#organization","name":"Delphine Platten","url":"https:\/\/delphineplatten.com\/","logo":{"@type":"ImageObject","inLanguage":"en-CA","@id":"https:\/\/delphineplatten.com\/#\/schema\/logo\/image\/","url":"https:\/\/delphineplatten.com\/wp-content\/uploads\/2023\/06\/Delphine_Platten_Logo.png","contentUrl":"https:\/\/delphineplatten.com\/wp-content\/uploads\/2023\/06\/Delphine_Platten_Logo.png","width":320,"height":320,"caption":"Delphine Platten"},"image":{"@id":"https:\/\/delphineplatten.com\/#\/schema\/logo\/image\/"},"sameAs":["https:\/\/www.facebook.com\/DelphinePlattenReliure"]}]}},"_links":{"self":[{"href":"https:\/\/delphineplatten.com\/en\/wp-json\/wp\/v2\/product\/417","targetHints":{"allow":["GET"]}}],"collection":[{"href":"https:\/\/delphineplatten.com\/en\/wp-json\/wp\/v2\/product"}],"about":[{"href":"https:\/\/delphineplatten.com\/en\/wp-json\/wp\/v2\/types\/product"}],"replies":[{"embeddable":true,"href":"https:\/\/delphineplatten.com\/en\/wp-json\/wp\/v2\/comments?post=417"}],"wp:featuredmedia":[{"embeddable":true,"href":"https:\/\/delphineplatten.com\/en\/wp-json\/wp\/v2\/media\/453"}],"wp:attachment":[{"href":"https:\/\/delphineplatten.com\/en\/wp-json\/wp\/v2\/media?parent=417"}],"wp:term":[{"taxonomy":"product_brand","embeddable":true,"href":"https:\/\/delphineplatten.com\/en\/wp-json\/wp\/v2\/product_brand?post=417"},{"taxonomy":"product_cat","embeddable":true,"href":"https:\/\/delphineplatten.com\/en\/wp-json\/wp\/v2\/product_cat?post=417"},{"taxonomy":"product_tag","embeddable":true,"href":"https:\/\/delphineplatten.com\/en\/wp-json\/wp\/v2\/product_tag?post=417"}],"curies":[{"name":"wp","href":"https:\/\/api.w.org\/{rel}","templated":true}]}}