{"id":3727,"date":"2023-07-28T19:19:18","date_gmt":"2023-07-28T23:19:18","guid":{"rendered":"https:\/\/delphineplatten.com\/?post_type=product&#038;p=3727"},"modified":"2025-07-31T13:52:49","modified_gmt":"2025-07-31T17:52:49","slug":"la-crisscross","status":"publish","type":"product","link":"https:\/\/delphineplatten.com\/en\/product\/la-crisscross\/","title":{"rendered":"Reliure Crisscross"},"content":{"rendered":"<p><strong>La reliure \u00e0 double couture!<\/strong><br \/>\nVenez apprendre, \u00e0 partir de papier et de carton, \u00e0 r\u00e9aliser ce beau carnet \u00e0 double couture. Cette m\u00e9thode vous permettra de relier un carnet cousu, \u00e0 couverture rigide, qui s\u2019ouvre \u00e0 plat, en papier japonais \u00e0 motifs Chiyogami de votre choix : le carnet de croquis ou de notes id\u00e9al !<\/p>\n<p>Cette reliure, parfois connue sous le nom de \u00ab\u00a0Secret Belgian binding\u00a0\u00bb, a \u00e9t\u00e9 mise au point par la relieuse belge Anne Goy. Son objectif ? Proposer une esth\u00e9tique proche de la reliure japonaise, mai mais qui offre une ouverture \u00e0 plat, comme une reliure copte.<\/p>\n<p>Pendant l\u2019atelier, en petit groupe de 4 personnes, guid\u00e9.e par Delphine, relieuse d&rsquo;art professionnelle,\u00a0 vous apprendrez \u00e0 monter vos cahiers, fabriquer et coudre la couverture de carton, coudre les cahiers \u00e0 la couverture gr\u00e2ce \u00e0 l\u2019aiguille ronde, et poser les papiers de finition.<\/p>\n<p>Il n&rsquo;y a pas besoin d&rsquo;avoir une exp\u00e9rience en reliure, mais il faut aimer la minutie et on coud pas mal!<\/p>","protected":false},"excerpt":{"rendered":"<p>Dur\u00e9e du cours: 6h + 1h de lunch<\/p>\n<p>Mat\u00e9riel: Tout est fourni, m\u00eame le caf\u00e9 ! Apportez juste de quoi prendre des notes.<\/p>\n<p>Outils: Tout vous est pr\u00eat\u00e9, pas d&rsquo;inqui\u00e9tude \ud83d\ude42<\/p>","protected":false},"featured_media":3728,"comment_status":"open","ping_status":"closed","template":"","meta":{"_coblocks_attr":"","_coblocks_dimensions":"","_coblocks_responsive_height":"","_coblocks_accordion_ie_support":""},"product_brand":[],"product_cat":[135],"product_tag":[227,137,138,228],"class_list":{"0":"post-3727","1":"product","2":"type-product","3":"status-publish","4":"has-post-thumbnail","6":"product_cat-cours-en-atelier","7":"product_tag-cours-de-reliure","8":"product_tag-crisscross","9":"product_tag-reliure-double-couture","10":"product_tag-reliure-sans-colle","11":"entry","13":"first","14":"outofstock","15":"virtual","16":"taxable","17":"purchasable","18":"product-type-simple"},"yoast_head":"<!-- This site is optimized with the Yoast SEO plugin v27.4 - https:\/\/yoast.com\/product\/yoast-seo-wordpress\/ -->\n<title>Reliure Crisscross | Delphine Platten<\/title>\n<meta name=\"description\" content=\"L&#039;Atelier Delphine Platten propose des cours et des produits exceptionnels consacr\u00e9s \u00e0 l&#039;art de la reliure. Cr\u00e9ations uniques, outils et mat\u00e9riaux, cours en atelier, vous trouverez tout ce dont vous avez besoin.\" \/>\n<meta name=\"robots\" content=\"index, follow, max-snippet:-1, max-image-preview:large, max-video-preview:-1\" \/>\n<link rel=\"canonical\" href=\"https:\/\/delphineplatten.com\/en\/product\/la-crisscross\/\" \/>\n<meta property=\"og:locale\" content=\"en_US\" \/>\n<meta property=\"og:type\" content=\"article\" \/>\n<meta property=\"og:title\" content=\"Reliure Crisscross | Delphine Platten\" \/>\n<meta property=\"og:description\" content=\"L&#039;Atelier Delphine Platten propose des cours et des produits exceptionnels consacr\u00e9s \u00e0 l&#039;art de la reliure. Cr\u00e9ations uniques, outils et mat\u00e9riaux, cours en atelier, vous trouverez tout ce dont vous avez besoin.\" \/>\n<meta property=\"og:url\" content=\"https:\/\/delphineplatten.com\/en\/product\/la-crisscross\/\" \/>\n<meta property=\"og:site_name\" content=\"Delphine Platten\" \/>\n<meta property=\"article:publisher\" content=\"https:\/\/www.facebook.com\/DelphinePlattenReliure\" \/>\n<meta property=\"article:modified_time\" content=\"2025-07-31T17:52:49+00:00\" \/>\n<meta property=\"og:image\" content=\"https:\/\/delphineplatten.com\/wp-content\/uploads\/2023\/07\/Delphine-Platten-Cours-en-atelier-Crisscross.jpg\" \/>\n\t<meta property=\"og:image:width\" content=\"1920\" \/>\n\t<meta property=\"og:image:height\" content=\"1080\" \/>\n\t<meta property=\"og:image:type\" content=\"image\/jpeg\" \/>\n<meta name=\"twitter:card\" content=\"summary_large_image\" \/>\n<meta name=\"twitter:label1\" content=\"Est. reading time\" \/>\n\t<meta name=\"twitter:data1\" content=\"2 minutes\" \/>\n<script type=\"application\/ld+json\" class=\"yoast-schema-graph\">{\"@context\":\"https:\\\/\\\/schema.org\",\"@graph\":[{\"@type\":\"WebPage\",\"@id\":\"https:\\\/\\\/delphineplatten.com\\\/en\\\/product\\\/la-crisscross\\\/\",\"url\":\"https:\\\/\\\/delphineplatten.com\\\/en\\\/product\\\/la-crisscross\\\/\",\"name\":\"Reliure Crisscross | Delphine Platten\",\"isPartOf\":{\"@id\":\"https:\\\/\\\/delphineplatten.com\\\/#website\"},\"primaryImageOfPage\":{\"@id\":\"https:\\\/\\\/delphineplatten.com\\\/en\\\/product\\\/la-crisscross\\\/#primaryimage\"},\"image\":{\"@id\":\"https:\\\/\\\/delphineplatten.com\\\/en\\\/product\\\/la-crisscross\\\/#primaryimage\"},\"thumbnailUrl\":\"https:\\\/\\\/delphineplatten.com\\\/wp-content\\\/uploads\\\/2023\\\/07\\\/Delphine-Platten-Cours-en-atelier-Crisscross.jpg\",\"datePublished\":\"2023-07-28T23:19:18+00:00\",\"dateModified\":\"2025-07-31T17:52:49+00:00\",\"description\":\"L'Atelier Delphine Platten propose des cours et des produits exceptionnels consacr\u00e9s \u00e0 l'art de la reliure. Cr\u00e9ations uniques, outils et mat\u00e9riaux, cours en atelier, vous trouverez tout ce dont vous avez besoin.\",\"breadcrumb\":{\"@id\":\"https:\\\/\\\/delphineplatten.com\\\/en\\\/product\\\/la-crisscross\\\/#breadcrumb\"},\"inLanguage\":\"en-CA\",\"potentialAction\":[{\"@type\":\"ReadAction\",\"target\":[\"https:\\\/\\\/delphineplatten.com\\\/en\\\/product\\\/la-crisscross\\\/\"]}]},{\"@type\":\"ImageObject\",\"inLanguage\":\"en-CA\",\"@id\":\"https:\\\/\\\/delphineplatten.com\\\/en\\\/product\\\/la-crisscross\\\/#primaryimage\",\"url\":\"https:\\\/\\\/delphineplatten.com\\\/wp-content\\\/uploads\\\/2023\\\/07\\\/Delphine-Platten-Cours-en-atelier-Crisscross.jpg\",\"contentUrl\":\"https:\\\/\\\/delphineplatten.com\\\/wp-content\\\/uploads\\\/2023\\\/07\\\/Delphine-Platten-Cours-en-atelier-Crisscross.jpg\",\"width\":1920,\"height\":1080,\"caption\":\"Cours en atelier - Crisscross\"},{\"@type\":\"BreadcrumbList\",\"@id\":\"https:\\\/\\\/delphineplatten.com\\\/en\\\/product\\\/la-crisscross\\\/#breadcrumb\",\"itemListElement\":[{\"@type\":\"ListItem\",\"position\":1,\"name\":\"Accueil\",\"item\":\"https:\\\/\\\/delphineplatten.com\\\/\"},{\"@type\":\"ListItem\",\"position\":2,\"name\":\"Tous les produits\",\"item\":\"https:\\\/\\\/delphineplatten.com\\\/en\\\/boutique\\\/tous-les-produits\\\/\"},{\"@type\":\"ListItem\",\"position\":3,\"name\":\"Reliure Crisscross\"}]},{\"@type\":\"WebSite\",\"@id\":\"https:\\\/\\\/delphineplatten.com\\\/#website\",\"url\":\"https:\\\/\\\/delphineplatten.com\\\/\",\"name\":\"Delphine Platten\",\"description\":\"Atelier de reliure moderne\",\"publisher\":{\"@id\":\"https:\\\/\\\/delphineplatten.com\\\/#organization\"},\"potentialAction\":[{\"@type\":\"SearchAction\",\"target\":{\"@type\":\"EntryPoint\",\"urlTemplate\":\"https:\\\/\\\/delphineplatten.com\\\/?s={search_term_string}\"},\"query-input\":{\"@type\":\"PropertyValueSpecification\",\"valueRequired\":true,\"valueName\":\"search_term_string\"}}],\"inLanguage\":\"en-CA\"},{\"@type\":\"Organization\",\"@id\":\"https:\\\/\\\/delphineplatten.com\\\/#organization\",\"name\":\"Delphine Platten\",\"url\":\"https:\\\/\\\/delphineplatten.com\\\/\",\"logo\":{\"@type\":\"ImageObject\",\"inLanguage\":\"en-CA\",\"@id\":\"https:\\\/\\\/delphineplatten.com\\\/#\\\/schema\\\/logo\\\/image\\\/\",\"url\":\"https:\\\/\\\/delphineplatten.com\\\/wp-content\\\/uploads\\\/2023\\\/06\\\/Delphine_Platten_Logo.png\",\"contentUrl\":\"https:\\\/\\\/delphineplatten.com\\\/wp-content\\\/uploads\\\/2023\\\/06\\\/Delphine_Platten_Logo.png\",\"width\":320,\"height\":320,\"caption\":\"Delphine Platten\"},\"image\":{\"@id\":\"https:\\\/\\\/delphineplatten.com\\\/#\\\/schema\\\/logo\\\/image\\\/\"},\"sameAs\":[\"https:\\\/\\\/www.facebook.com\\\/DelphinePlattenReliure\"]}]}<\/script>\n<!-- \/ Yoast SEO plugin. -->","yoast_head_json":{"title":"Reliure Crisscross | Delphine Platten","description":"L'Atelier Delphine Platten propose des cours et des produits exceptionnels consacr\u00e9s \u00e0 l'art de la reliure. Cr\u00e9ations uniques, outils et mat\u00e9riaux, cours en atelier, vous trouverez tout ce dont vous avez besoin.","robots":{"index":"index","follow":"follow","max-snippet":"max-snippet:-1","max-image-preview":"max-image-preview:large","max-video-preview":"max-video-preview:-1"},"canonical":"https:\/\/delphineplatten.com\/en\/product\/la-crisscross\/","og_locale":"en_US","og_type":"article","og_title":"Reliure Crisscross | Delphine Platten","og_description":"L'Atelier Delphine Platten propose des cours et des produits exceptionnels consacr\u00e9s \u00e0 l'art de la reliure. Cr\u00e9ations uniques, outils et mat\u00e9riaux, cours en atelier, vous trouverez tout ce dont vous avez besoin.","og_url":"https:\/\/delphineplatten.com\/en\/product\/la-crisscross\/","og_site_name":"Delphine Platten","article_publisher":"https:\/\/www.facebook.com\/DelphinePlattenReliure","article_modified_time":"2025-07-31T17:52:49+00:00","og_image":[{"width":1920,"height":1080,"url":"https:\/\/delphineplatten.com\/wp-content\/uploads\/2023\/07\/Delphine-Platten-Cours-en-atelier-Crisscross.jpg","type":"image\/jpeg"}],"twitter_card":"summary_large_image","twitter_misc":{"Est. reading time":"2 minutes"},"schema":{"@context":"https:\/\/schema.org","@graph":[{"@type":"WebPage","@id":"https:\/\/delphineplatten.com\/en\/product\/la-crisscross\/","url":"https:\/\/delphineplatten.com\/en\/product\/la-crisscross\/","name":"Reliure Crisscross | Delphine Platten","isPartOf":{"@id":"https:\/\/delphineplatten.com\/#website"},"primaryImageOfPage":{"@id":"https:\/\/delphineplatten.com\/en\/product\/la-crisscross\/#primaryimage"},"image":{"@id":"https:\/\/delphineplatten.com\/en\/product\/la-crisscross\/#primaryimage"},"thumbnailUrl":"https:\/\/delphineplatten.com\/wp-content\/uploads\/2023\/07\/Delphine-Platten-Cours-en-atelier-Crisscross.jpg","datePublished":"2023-07-28T23:19:18+00:00","dateModified":"2025-07-31T17:52:49+00:00","description":"L'Atelier Delphine Platten propose des cours et des produits exceptionnels consacr\u00e9s \u00e0 l'art de la reliure. Cr\u00e9ations uniques, outils et mat\u00e9riaux, cours en atelier, vous trouverez tout ce dont vous avez besoin.","breadcrumb":{"@id":"https:\/\/delphineplatten.com\/en\/product\/la-crisscross\/#breadcrumb"},"inLanguage":"en-CA","potentialAction":[{"@type":"ReadAction","target":["https:\/\/delphineplatten.com\/en\/product\/la-crisscross\/"]}]},{"@type":"ImageObject","inLanguage":"en-CA","@id":"https:\/\/delphineplatten.com\/en\/product\/la-crisscross\/#primaryimage","url":"https:\/\/delphineplatten.com\/wp-content\/uploads\/2023\/07\/Delphine-Platten-Cours-en-atelier-Crisscross.jpg","contentUrl":"https:\/\/delphineplatten.com\/wp-content\/uploads\/2023\/07\/Delphine-Platten-Cours-en-atelier-Crisscross.jpg","width":1920,"height":1080,"caption":"Cours en atelier - Crisscross"},{"@type":"BreadcrumbList","@id":"https:\/\/delphineplatten.com\/en\/product\/la-crisscross\/#breadcrumb","itemListElement":[{"@type":"ListItem","position":1,"name":"Accueil","item":"https:\/\/delphineplatten.com\/"},{"@type":"ListItem","position":2,"name":"Tous les produits","item":"https:\/\/delphineplatten.com\/en\/boutique\/tous-les-produits\/"},{"@type":"ListItem","position":3,"name":"Reliure Crisscross"}]},{"@type":"WebSite","@id":"https:\/\/delphineplatten.com\/#website","url":"https:\/\/delphineplatten.com\/","name":"Delphine Platten","description":"Atelier de reliure moderne","publisher":{"@id":"https:\/\/delphineplatten.com\/#organization"},"potentialAction":[{"@type":"SearchAction","target":{"@type":"EntryPoint","urlTemplate":"https:\/\/delphineplatten.com\/?s={search_term_string}"},"query-input":{"@type":"PropertyValueSpecification","valueRequired":true,"valueName":"search_term_string"}}],"inLanguage":"en-CA"},{"@type":"Organization","@id":"https:\/\/delphineplatten.com\/#organization","name":"Delphine Platten","url":"https:\/\/delphineplatten.com\/","logo":{"@type":"ImageObject","inLanguage":"en-CA","@id":"https:\/\/delphineplatten.com\/#\/schema\/logo\/image\/","url":"https:\/\/delphineplatten.com\/wp-content\/uploads\/2023\/06\/Delphine_Platten_Logo.png","contentUrl":"https:\/\/delphineplatten.com\/wp-content\/uploads\/2023\/06\/Delphine_Platten_Logo.png","width":320,"height":320,"caption":"Delphine Platten"},"image":{"@id":"https:\/\/delphineplatten.com\/#\/schema\/logo\/image\/"},"sameAs":["https:\/\/www.facebook.com\/DelphinePlattenReliure"]}]}},"_links":{"self":[{"href":"https:\/\/delphineplatten.com\/en\/wp-json\/wp\/v2\/product\/3727","targetHints":{"allow":["GET"]}}],"collection":[{"href":"https:\/\/delphineplatten.com\/en\/wp-json\/wp\/v2\/product"}],"about":[{"href":"https:\/\/delphineplatten.com\/en\/wp-json\/wp\/v2\/types\/product"}],"replies":[{"embeddable":true,"href":"https:\/\/delphineplatten.com\/en\/wp-json\/wp\/v2\/comments?post=3727"}],"wp:featuredmedia":[{"embeddable":true,"href":"https:\/\/delphineplatten.com\/en\/wp-json\/wp\/v2\/media\/3728"}],"wp:attachment":[{"href":"https:\/\/delphineplatten.com\/en\/wp-json\/wp\/v2\/media?parent=3727"}],"wp:term":[{"taxonomy":"product_brand","embeddable":true,"href":"https:\/\/delphineplatten.com\/en\/wp-json\/wp\/v2\/product_brand?post=3727"},{"taxonomy":"product_cat","embeddable":true,"href":"https:\/\/delphineplatten.com\/en\/wp-json\/wp\/v2\/product_cat?post=3727"},{"taxonomy":"product_tag","embeddable":true,"href":"https:\/\/delphineplatten.com\/en\/wp-json\/wp\/v2\/product_tag?post=3727"}],"curies":[{"name":"wp","href":"https:\/\/api.w.org\/{rel}","templated":true}]}}