{"id":3,"date":"2023-06-12T21:59:30","date_gmt":"2023-06-12T21:59:30","guid":{"rendered":"http:\/\/74n.71b.mywebsitetransfer.com\/?page_id=3"},"modified":"2023-09-03T14:38:29","modified_gmt":"2023-09-03T14:38:29","slug":"politique-de-confidentialite","status":"publish","type":"page","link":"https:\/\/delphineplatten.com\/en\/politique-de-confidentialite\/","title":{"rendered":"Privacy policy"},"content":{"rendered":"<h3 class=\"wp-block-heading\"><strong>Who are we ?<\/strong><\/h3>\n\n\n\n<p>L\u2019adresse de notre site est delphineplatten.com<\/p>\n\n\n\n<h3 class=\"wp-block-heading\"><strong>Cookies<\/strong><\/h3>\n\n\n\n<p>Cookies\nIf you go to the login page, a temporary cookie will be created to determine if your browser accepts cookies. It does not contain personal data and will be deleted automatically when you close your browser.<\/p>\n\n\n\n<p>When you log in, we will set a number of cookies to save your login information and screen preferences. The lifetime of a connection cookie is two days, that of a screen option cookie is one year. If you check \u201cRemember me\u201d, your login cookie will be kept for two weeks. If you log out of your account, the login cookie will be erased.<\/p>\n\n\n\n<p>By editing or publishing a post, an additional cookie will be saved in your browser. This cookie does not include any personal data. It just shows the ID of the post you just edited. It expires after one day.<\/p>\n\n\n\n<h3 class=\"wp-block-heading\"><strong>Embedded content from other sites<\/strong><\/h3>\n\n\n\n<p>Articles on this site may include embedded content (e.g. videos, images, articles, etc.). Content embedded from other sites behaves in the same way as if the visitor were to come to that other site.<\/p>\n\n\n\n<p>These websites could collect data about you, use cookies, embed third-party tracking tools, track your interactions with this embedded content if you have an account connected to their website.<\/p>\n\n\n\n<h3 class=\"wp-block-heading\"><strong>Use and transmission of your personal data<\/strong><\/h3>\n\n\n\n<p>If you request a password reset, your IP address will be included in the reset email.<\/p>\n\n\n\n<h3 class=\"wp-block-heading\"><strong>Storage times for your data<\/strong><\/h3>\n\n\n\n<p>If you leave a comment, the comment and its metadata are retained indefinitely. This automatically recognizes and approves subsequent comments instead of leaving them in the moderation queue.<\/p>\n\n\n\n<p>For accounts that register on our site (if applicable), we also store the personal data listed in their profile. All accounts can see, modify or delete their personal information at any time (except their identifier). Site managers can also view and edit this information.<\/p>\n\n\n\n<h3 class=\"wp-block-heading\"><strong>The rights you have over your data<\/strong><\/h3>\n\n\n\n<p>If you have an account or if you have left comments on the site, you can request to receive a file containing all the personal data that we have about you, including those that you have provided to us. You can also request the deletion of personal data concerning you. This does not take into account data stored for administrative, legal or security reasons.<\/p>\n\n\n\n<h3 class=\"wp-block-heading\"><strong>Transmission of your personal data<\/strong><\/h3>\n\n\n\n<p>Visitor comments may be checked through an automated spam detection service.<\/p>","protected":false},"excerpt":{"rendered":"<p>Qui sommes-nous ? L\u2019adresse de notre site est delphineplatten.com Cookies Si vous vous rendez sur la page de connexion, un cookie temporaire sera cr\u00e9\u00e9 afin de d\u00e9terminer si votre navigateur accepte les cookies. Il ne contient pas de donn\u00e9es personnelles&hellip; <a class=\"more-link\" href=\"https:\/\/delphineplatten.com\/en\/politique-de-confidentialite\/\">Continuer \u00e0 lire&#8230;<\/a><\/p>","protected":false},"author":1,"featured_media":62,"parent":0,"menu_order":6,"comment_status":"closed","ping_status":"closed","template":"","meta":{"_coblocks_attr":"","_coblocks_dimensions":"","_coblocks_responsive_height":"","_coblocks_accordion_ie_support":"","footnotes":""},"class_list":["post-3","page","type-page","status-publish","has-post-thumbnail","hentry","entry"],"yoast_head":"<!-- This site is optimized with the Yoast SEO plugin v27.4 - https:\/\/yoast.com\/product\/yoast-seo-wordpress\/ -->\n<title>Politique de confidentialit\u00e9 | Delphine Platten<\/title>\n<meta name=\"robots\" content=\"index, follow, max-snippet:-1, max-image-preview:large, max-video-preview:-1\" \/>\n<link rel=\"canonical\" href=\"https:\/\/delphineplatten.com\/en\/politique-de-confidentialite\/\" \/>\n<meta property=\"og:locale\" content=\"en_US\" \/>\n<meta property=\"og:type\" content=\"article\" \/>\n<meta property=\"og:title\" content=\"Politique de confidentialit\u00e9 | Delphine Platten\" \/>\n<meta property=\"og:description\" content=\"Qui sommes-nous ? L\u2019adresse de notre site est delphineplatten.com Cookies Si vous vous rendez sur la page de connexion, un cookie temporaire sera cr\u00e9\u00e9 afin de d\u00e9terminer si votre navigateur accepte les cookies. Il ne contient pas de donn\u00e9es personnelles&hellip; Continuer \u00e0 lire...\" \/>\n<meta property=\"og:url\" content=\"https:\/\/delphineplatten.com\/en\/politique-de-confidentialite\/\" \/>\n<meta property=\"og:site_name\" content=\"Delphine Platten\" \/>\n<meta property=\"article:publisher\" content=\"https:\/\/www.facebook.com\/DelphinePlattenReliure\" \/>\n<meta property=\"article:modified_time\" content=\"2023-09-03T14:38:29+00:00\" \/>\n<meta property=\"og:image\" content=\"https:\/\/delphineplatten.com\/wp-content\/uploads\/2023\/06\/screenshot.png\" \/>\n\t<meta property=\"og:image:width\" content=\"1200\" \/>\n\t<meta property=\"og:image:height\" content=\"900\" \/>\n\t<meta property=\"og:image:type\" content=\"image\/png\" \/>\n<meta name=\"twitter:card\" content=\"summary_large_image\" \/>\n<meta name=\"twitter:label1\" content=\"Est. reading time\" \/>\n\t<meta name=\"twitter:data1\" content=\"3 minutes\" \/>\n<script type=\"application\/ld+json\" class=\"yoast-schema-graph\">{\"@context\":\"https:\\\/\\\/schema.org\",\"@graph\":[{\"@type\":\"WebPage\",\"@id\":\"https:\\\/\\\/delphineplatten.com\\\/en\\\/politique-de-confidentialite\\\/\",\"url\":\"https:\\\/\\\/delphineplatten.com\\\/en\\\/politique-de-confidentialite\\\/\",\"name\":\"Politique de confidentialit\u00e9 | Delphine Platten\",\"isPartOf\":{\"@id\":\"https:\\\/\\\/delphineplatten.com\\\/#website\"},\"primaryImageOfPage\":{\"@id\":\"https:\\\/\\\/delphineplatten.com\\\/en\\\/politique-de-confidentialite\\\/#primaryimage\"},\"image\":{\"@id\":\"https:\\\/\\\/delphineplatten.com\\\/en\\\/politique-de-confidentialite\\\/#primaryimage\"},\"thumbnailUrl\":\"https:\\\/\\\/delphineplatten.com\\\/wp-content\\\/uploads\\\/2023\\\/06\\\/screenshot.png\",\"datePublished\":\"2023-06-12T21:59:30+00:00\",\"dateModified\":\"2023-09-03T14:38:29+00:00\",\"breadcrumb\":{\"@id\":\"https:\\\/\\\/delphineplatten.com\\\/en\\\/politique-de-confidentialite\\\/#breadcrumb\"},\"inLanguage\":\"en-CA\",\"potentialAction\":[{\"@type\":\"ReadAction\",\"target\":[\"https:\\\/\\\/delphineplatten.com\\\/en\\\/politique-de-confidentialite\\\/\"]}]},{\"@type\":\"ImageObject\",\"inLanguage\":\"en-CA\",\"@id\":\"https:\\\/\\\/delphineplatten.com\\\/en\\\/politique-de-confidentialite\\\/#primaryimage\",\"url\":\"https:\\\/\\\/delphineplatten.com\\\/wp-content\\\/uploads\\\/2023\\\/06\\\/screenshot.png\",\"contentUrl\":\"https:\\\/\\\/delphineplatten.com\\\/wp-content\\\/uploads\\\/2023\\\/06\\\/screenshot.png\",\"width\":1200,\"height\":900,\"caption\":\"Atelier Delphine Platten Reliure\"},{\"@type\":\"BreadcrumbList\",\"@id\":\"https:\\\/\\\/delphineplatten.com\\\/en\\\/politique-de-confidentialite\\\/#breadcrumb\",\"itemListElement\":[{\"@type\":\"ListItem\",\"position\":1,\"name\":\"Accueil\",\"item\":\"https:\\\/\\\/delphineplatten.com\\\/\"},{\"@type\":\"ListItem\",\"position\":2,\"name\":\"Politique de confidentialit\u00e9\"}]},{\"@type\":\"WebSite\",\"@id\":\"https:\\\/\\\/delphineplatten.com\\\/#website\",\"url\":\"https:\\\/\\\/delphineplatten.com\\\/\",\"name\":\"Delphine Platten\",\"description\":\"Atelier de reliure moderne\",\"publisher\":{\"@id\":\"https:\\\/\\\/delphineplatten.com\\\/#organization\"},\"potentialAction\":[{\"@type\":\"SearchAction\",\"target\":{\"@type\":\"EntryPoint\",\"urlTemplate\":\"https:\\\/\\\/delphineplatten.com\\\/?s={search_term_string}\"},\"query-input\":{\"@type\":\"PropertyValueSpecification\",\"valueRequired\":true,\"valueName\":\"search_term_string\"}}],\"inLanguage\":\"en-CA\"},{\"@type\":\"Organization\",\"@id\":\"https:\\\/\\\/delphineplatten.com\\\/#organization\",\"name\":\"Delphine Platten\",\"url\":\"https:\\\/\\\/delphineplatten.com\\\/\",\"logo\":{\"@type\":\"ImageObject\",\"inLanguage\":\"en-CA\",\"@id\":\"https:\\\/\\\/delphineplatten.com\\\/#\\\/schema\\\/logo\\\/image\\\/\",\"url\":\"https:\\\/\\\/delphineplatten.com\\\/wp-content\\\/uploads\\\/2023\\\/06\\\/Delphine_Platten_Logo.png\",\"contentUrl\":\"https:\\\/\\\/delphineplatten.com\\\/wp-content\\\/uploads\\\/2023\\\/06\\\/Delphine_Platten_Logo.png\",\"width\":320,\"height\":320,\"caption\":\"Delphine Platten\"},\"image\":{\"@id\":\"https:\\\/\\\/delphineplatten.com\\\/#\\\/schema\\\/logo\\\/image\\\/\"},\"sameAs\":[\"https:\\\/\\\/www.facebook.com\\\/DelphinePlattenReliure\"]}]}<\/script>\n<!-- \/ Yoast SEO plugin. -->","yoast_head_json":{"title":"Politique de confidentialit\u00e9 | Delphine Platten","robots":{"index":"index","follow":"follow","max-snippet":"max-snippet:-1","max-image-preview":"max-image-preview:large","max-video-preview":"max-video-preview:-1"},"canonical":"https:\/\/delphineplatten.com\/en\/politique-de-confidentialite\/","og_locale":"en_US","og_type":"article","og_title":"Politique de confidentialit\u00e9 | Delphine Platten","og_description":"Qui sommes-nous ? L\u2019adresse de notre site est delphineplatten.com Cookies Si vous vous rendez sur la page de connexion, un cookie temporaire sera cr\u00e9\u00e9 afin de d\u00e9terminer si votre navigateur accepte les cookies. Il ne contient pas de donn\u00e9es personnelles&hellip; Continuer \u00e0 lire...","og_url":"https:\/\/delphineplatten.com\/en\/politique-de-confidentialite\/","og_site_name":"Delphine Platten","article_publisher":"https:\/\/www.facebook.com\/DelphinePlattenReliure","article_modified_time":"2023-09-03T14:38:29+00:00","og_image":[{"width":1200,"height":900,"url":"https:\/\/delphineplatten.com\/wp-content\/uploads\/2023\/06\/screenshot.png","type":"image\/png"}],"twitter_card":"summary_large_image","twitter_misc":{"Est. reading time":"3 minutes"},"schema":{"@context":"https:\/\/schema.org","@graph":[{"@type":"WebPage","@id":"https:\/\/delphineplatten.com\/en\/politique-de-confidentialite\/","url":"https:\/\/delphineplatten.com\/en\/politique-de-confidentialite\/","name":"Politique de confidentialit\u00e9 | Delphine Platten","isPartOf":{"@id":"https:\/\/delphineplatten.com\/#website"},"primaryImageOfPage":{"@id":"https:\/\/delphineplatten.com\/en\/politique-de-confidentialite\/#primaryimage"},"image":{"@id":"https:\/\/delphineplatten.com\/en\/politique-de-confidentialite\/#primaryimage"},"thumbnailUrl":"https:\/\/delphineplatten.com\/wp-content\/uploads\/2023\/06\/screenshot.png","datePublished":"2023-06-12T21:59:30+00:00","dateModified":"2023-09-03T14:38:29+00:00","breadcrumb":{"@id":"https:\/\/delphineplatten.com\/en\/politique-de-confidentialite\/#breadcrumb"},"inLanguage":"en-CA","potentialAction":[{"@type":"ReadAction","target":["https:\/\/delphineplatten.com\/en\/politique-de-confidentialite\/"]}]},{"@type":"ImageObject","inLanguage":"en-CA","@id":"https:\/\/delphineplatten.com\/en\/politique-de-confidentialite\/#primaryimage","url":"https:\/\/delphineplatten.com\/wp-content\/uploads\/2023\/06\/screenshot.png","contentUrl":"https:\/\/delphineplatten.com\/wp-content\/uploads\/2023\/06\/screenshot.png","width":1200,"height":900,"caption":"Atelier Delphine Platten Reliure"},{"@type":"BreadcrumbList","@id":"https:\/\/delphineplatten.com\/en\/politique-de-confidentialite\/#breadcrumb","itemListElement":[{"@type":"ListItem","position":1,"name":"Accueil","item":"https:\/\/delphineplatten.com\/"},{"@type":"ListItem","position":2,"name":"Politique de confidentialit\u00e9"}]},{"@type":"WebSite","@id":"https:\/\/delphineplatten.com\/#website","url":"https:\/\/delphineplatten.com\/","name":"Delphine Platten","description":"Atelier de reliure moderne","publisher":{"@id":"https:\/\/delphineplatten.com\/#organization"},"potentialAction":[{"@type":"SearchAction","target":{"@type":"EntryPoint","urlTemplate":"https:\/\/delphineplatten.com\/?s={search_term_string}"},"query-input":{"@type":"PropertyValueSpecification","valueRequired":true,"valueName":"search_term_string"}}],"inLanguage":"en-CA"},{"@type":"Organization","@id":"https:\/\/delphineplatten.com\/#organization","name":"Delphine Platten","url":"https:\/\/delphineplatten.com\/","logo":{"@type":"ImageObject","inLanguage":"en-CA","@id":"https:\/\/delphineplatten.com\/#\/schema\/logo\/image\/","url":"https:\/\/delphineplatten.com\/wp-content\/uploads\/2023\/06\/Delphine_Platten_Logo.png","contentUrl":"https:\/\/delphineplatten.com\/wp-content\/uploads\/2023\/06\/Delphine_Platten_Logo.png","width":320,"height":320,"caption":"Delphine Platten"},"image":{"@id":"https:\/\/delphineplatten.com\/#\/schema\/logo\/image\/"},"sameAs":["https:\/\/www.facebook.com\/DelphinePlattenReliure"]}]}},"_links":{"self":[{"href":"https:\/\/delphineplatten.com\/en\/wp-json\/wp\/v2\/pages\/3","targetHints":{"allow":["GET"]}}],"collection":[{"href":"https:\/\/delphineplatten.com\/en\/wp-json\/wp\/v2\/pages"}],"about":[{"href":"https:\/\/delphineplatten.com\/en\/wp-json\/wp\/v2\/types\/page"}],"author":[{"embeddable":true,"href":"https:\/\/delphineplatten.com\/en\/wp-json\/wp\/v2\/users\/1"}],"replies":[{"embeddable":true,"href":"https:\/\/delphineplatten.com\/en\/wp-json\/wp\/v2\/comments?post=3"}],"version-history":[{"count":3,"href":"https:\/\/delphineplatten.com\/en\/wp-json\/wp\/v2\/pages\/3\/revisions"}],"predecessor-version":[{"id":3994,"href":"https:\/\/delphineplatten.com\/en\/wp-json\/wp\/v2\/pages\/3\/revisions\/3994"}],"wp:featuredmedia":[{"embeddable":true,"href":"https:\/\/delphineplatten.com\/en\/wp-json\/wp\/v2\/media\/62"}],"wp:attachment":[{"href":"https:\/\/delphineplatten.com\/en\/wp-json\/wp\/v2\/media?parent=3"}],"curies":[{"name":"wp","href":"https:\/\/api.w.org\/{rel}","templated":true}]}}