{"id":24,"date":"2023-06-14T22:50:35","date_gmt":"2023-06-14T22:50:35","guid":{"rendered":"http:\/\/74n.71b.mywebsitetransfer.com\/?page_id=24"},"modified":"2025-03-25T16:53:43","modified_gmt":"2025-03-25T20:53:43","slug":"accueil-delphine-platten","status":"publish","type":"page","link":"https:\/\/delphineplatten.com\/en\/","title":{"rendered":"Accueil"},"content":{"rendered":"<div class=\"wp-block-cover alignwide is-light has-custom-content-position is-position-bottom-right is-style-default coblocks-animate\" style=\"min-height:600px;aspect-ratio:unset;\" data-coblocks-animation=\"slideInLeft\"><span aria-hidden=\"true\" class=\"wp-block-cover__background has-background-background-color has-background-dim-20 has-background-dim\"><\/span><img loading=\"lazy\" decoding=\"async\" width=\"1500\" height=\"844\" class=\"wp-block-cover__image-background wp-image-29\" alt=\"Delphine Platten - Atelier de Reliure Moderne\" src=\"http:\/\/delphineplatten.com\/wp-content\/uploads\/2023\/06\/Delphine-Platten-Lentreprise.jpg\" data-object-fit=\"cover\" srcset=\"https:\/\/delphineplatten.com\/wp-content\/uploads\/2023\/06\/Delphine-Platten-Lentreprise.jpg 1500w, https:\/\/delphineplatten.com\/wp-content\/uploads\/2023\/06\/Delphine-Platten-Lentreprise-300x169.jpg 300w, https:\/\/delphineplatten.com\/wp-content\/uploads\/2023\/06\/Delphine-Platten-Lentreprise-1024x576.jpg 1024w, https:\/\/delphineplatten.com\/wp-content\/uploads\/2023\/06\/Delphine-Platten-Lentreprise-768x432.jpg 768w, https:\/\/delphineplatten.com\/wp-content\/uploads\/2023\/06\/Delphine-Platten-Lentreprise-18x10.jpg 18w, https:\/\/delphineplatten.com\/wp-content\/uploads\/2023\/06\/Delphine-Platten-Lentreprise-600x338.jpg 600w\" sizes=\"auto, (max-width: 1500px) 100vw, 1500px\" \/><div class=\"wp-block-cover__inner-container is-layout-flow wp-block-cover-is-layout-flow\">\n<p class=\"has-text-align-right has-text-color\" style=\"color:#ffffff00\">Delphine Platten<\/p>\n\n\n\n<div class=\"wp-block-group alignfull is-layout-flow wp-block-group-is-layout-flow\" style=\"padding-top:30px;padding-right:30px;padding-bottom:30px;padding-left:30px\">\n<div class=\"wp-block-buttons alignfull is-content-justification-right is-layout-flex wp-container-core-buttons-is-layout-56c9de21 wp-block-buttons-is-layout-flex\">\n<div class=\"wp-block-button\"><a class=\"wp-block-button__link has-primary-color has-background-background-color has-text-color has-background has-text-align-right wp-element-button\" href=\"https:\/\/delphineplatten.com\/en\/services\/\">Explore the services<\/a><\/div>\n<\/div>\n<\/div>\n<\/div><\/div>\n\n\n\n<div class=\"wp-block-group is-layout-constrained wp-block-group-is-layout-constrained\">\n<div style=\"height:40px\" aria-hidden=\"true\" class=\"wp-block-spacer\"><\/div>\n\n\n\n<h2 class=\"wp-block-heading has-text-align-center\" style=\"font-style:normal;font-weight:400\">Delphine Platten<\/h2>\n\n\n\n<hr class=\"wp-block-separator aligncenter has-alpha-channel-opacity is-style-twentytwentyone-separator-thick\"\/>\n\n\n\n<p class=\"has-text-align-center\" style=\"font-style:normal;font-weight:400\">ATELIER DE RELIURE \u00c0 MONTR\u00c9AL<\/p>\n<\/div>\n\n\n\n<div style=\"height:0px\" aria-hidden=\"true\" class=\"wp-block-spacer\"><\/div>\n\n\n\n<div class=\"wp-block-group is-layout-constrained wp-block-group-is-layout-constrained\">\n<p class=\"has-text-align-center\">Restauration et cr\u00e9ation de reliures et bo\u00eetes sur-mesure. <br>Le savoir-faire traditionnel au service de la reliure contemporaine.<\/p>\n\n\n\n<div style=\"height:50px\" aria-hidden=\"true\" class=\"wp-block-spacer\"><\/div>\n\n\n\n<div class=\"wp-block-buttons is-content-justification-center is-layout-flex wp-container-core-buttons-is-layout-a89b3969 wp-block-buttons-is-layout-flex\">\n<div class=\"wp-block-button\"><a class=\"wp-block-button__link has-text-align-center wp-element-button\" href=\"https:\/\/delphineplatten.com\/en\/contactez-nous\/\">Contact the studio<\/a><\/div>\n<\/div>\n\n\n\n<div style=\"height:50px\" aria-hidden=\"true\" class=\"wp-block-spacer\"><\/div>\n<\/div>\n\n\n\n<div class=\"wp-block-cover alignwide is-light has-custom-content-position is-position-bottom-left coblocks-animate\" style=\"min-height:600px;aspect-ratio:unset;\" data-coblocks-animation=\"slideInRight\"><span aria-hidden=\"true\" class=\"wp-block-cover__background has-background-dim-0 has-background-dim\"><\/span><img loading=\"lazy\" decoding=\"async\" width=\"2560\" height=\"1440\" class=\"wp-block-cover__image-background wp-image-32\" alt=\"Delphine Platten - Les services\" src=\"http:\/\/delphineplatten.com\/wp-content\/uploads\/2023\/06\/Delphine-Platten-Les-services-sur-mesure-scaled.jpg\" data-object-fit=\"cover\" srcset=\"https:\/\/delphineplatten.com\/wp-content\/uploads\/2023\/06\/Delphine-Platten-Les-services-sur-mesure-scaled.jpg 2560w, https:\/\/delphineplatten.com\/wp-content\/uploads\/2023\/06\/Delphine-Platten-Les-services-sur-mesure-scaled-300x169.jpg 300w, https:\/\/delphineplatten.com\/wp-content\/uploads\/2023\/06\/Delphine-Platten-Les-services-sur-mesure-scaled-1024x576.jpg 1024w, https:\/\/delphineplatten.com\/wp-content\/uploads\/2023\/06\/Delphine-Platten-Les-services-sur-mesure-scaled-768x432.jpg 768w, https:\/\/delphineplatten.com\/wp-content\/uploads\/2023\/06\/Delphine-Platten-Les-services-sur-mesure-scaled-1536x864.jpg 1536w, https:\/\/delphineplatten.com\/wp-content\/uploads\/2023\/06\/Delphine-Platten-Les-services-sur-mesure-scaled-2048x1152.jpg 2048w, https:\/\/delphineplatten.com\/wp-content\/uploads\/2023\/06\/Delphine-Platten-Les-services-sur-mesure-scaled-18x10.jpg 18w, https:\/\/delphineplatten.com\/wp-content\/uploads\/2023\/06\/Delphine-Platten-Les-services-sur-mesure-scaled-1568x882.jpg 1568w, https:\/\/delphineplatten.com\/wp-content\/uploads\/2023\/06\/Delphine-Platten-Les-services-sur-mesure-scaled-600x338.jpg 600w\" sizes=\"auto, (max-width: 2560px) 100vw, 2560px\" \/><div class=\"wp-block-cover__inner-container is-layout-flow wp-block-cover-is-layout-flow\">\n<div class=\"wp-block-group is-layout-constrained wp-container-core-group-is-layout-16d6e2d2 wp-block-group-is-layout-constrained\" style=\"padding-top:3rem;padding-right:3rem;padding-bottom:3rem;padding-left:3rem\">\n<div class=\"wp-block-buttons is-layout-flex wp-block-buttons-is-layout-flex\">\n<div class=\"wp-block-button\"><a class=\"wp-block-button__link has-background-color has-foreground-background-color has-text-color has-background wp-element-button\" href=\"https:\/\/delphineplatten.com\/en\/les-services\/\">Explore the services<\/a><\/div>\n<\/div>\n<\/div>\n<\/div><\/div>\n\n\n\n<div class=\"wp-block-group is-layout-constrained wp-block-group-is-layout-constrained\">\n<div style=\"height:40px\" aria-hidden=\"true\" class=\"wp-block-spacer\"><\/div>\n\n\n\n<h2 class=\"wp-block-heading has-text-align-center\" style=\"font-style:normal;font-weight:400\">Tailor-made services<\/h2>\n\n\n\n<hr class=\"wp-block-separator aligncenter has-alpha-channel-opacity is-style-twentytwentyone-separator-thick\"\/>\n\n\n\n<p class=\"has-text-align-left\">Vous cherchez un atelier de reliure \u00e0 Montr\u00e9al ? L&rsquo;atelier cr\u00e9e des livres, des boites et des objets de pr\u00e9sentation sur-mesure pour les artistes, les agences de communication, les compagnies, les institutions et une client\u00e8le priv\u00e9e.<br><br>Du choix des mat\u00e9riaux \u00e0 la technique de reliure, l\u2019atelier vous accompagne tout au long de la conception et la r\u00e9alisation de votre projet, vous conseille et vous offre un savoir-faire unique et des mat\u00e9riaux haut-de-gamme.<br><br>The studio offers also a preservation service, in compliance with current museological standards.<br><br>The studio offers a complete range of workshops and tutoring, whether you want to learn bookbinding as a hobby, develop your artist's book practice or acquire the right gestures for the conservation of your archives.<br><\/p>\n\n\n\n<div style=\"height:50px\" aria-hidden=\"true\" class=\"wp-block-spacer\"><\/div>\n<\/div>\n\n\n\n<div class=\"wp-block-group alignwide is-layout-constrained wp-container-core-group-is-layout-fc54cf0f wp-block-group-is-layout-constrained\"><\/div>\n\n\n\n<div class=\"wp-block-cover alignwide is-light has-custom-content-position is-position-bottom-left coblocks-animate\" style=\"min-height:600px;aspect-ratio:unset;\" data-coblocks-animation=\"slideInLeft\"><span aria-hidden=\"true\" class=\"wp-block-cover__background has-background-dim-0 has-background-dim\"><\/span><img loading=\"lazy\" decoding=\"async\" width=\"1500\" height=\"844\" class=\"wp-block-cover__image-background wp-image-33\" alt=\"\" src=\"http:\/\/delphineplatten.com\/wp-content\/uploads\/2023\/06\/Delphine-Platten-Les-cours.jpg\" data-object-fit=\"cover\" srcset=\"https:\/\/delphineplatten.com\/wp-content\/uploads\/2023\/06\/Delphine-Platten-Les-cours.jpg 1500w, https:\/\/delphineplatten.com\/wp-content\/uploads\/2023\/06\/Delphine-Platten-Les-cours-600x338.jpg 600w\" sizes=\"auto, (max-width: 1500px) 100vw, 1500px\" \/><div class=\"wp-block-cover__inner-container is-layout-flow wp-block-cover-is-layout-flow\">\n<div class=\"wp-block-group is-layout-constrained wp-container-core-group-is-layout-16d6e2d2 wp-block-group-is-layout-constrained\" style=\"padding-top:3rem;padding-right:3rem;padding-bottom:3rem;padding-left:3rem\">\n<div class=\"wp-block-buttons is-layout-flex wp-block-buttons-is-layout-flex\">\n<div class=\"wp-block-button\"><a class=\"wp-block-button__link has-background-color has-foreground-background-color has-text-color has-background has-text-align-right wp-element-button\" href=\"https:\/\/delphineplatten.com\/en\/product-category\/cours-en-atelier\/\">D\u00e9couvrez les cours<\/a><\/div>\n<\/div>\n<\/div>\n<\/div><\/div>\n\n\n\n<div class=\"wp-block-group is-layout-constrained wp-block-group-is-layout-constrained\">\n<h2 class=\"wp-block-heading has-text-align-center\" style=\"font-style:normal;font-weight:400\">Vous r\u00eavez d&rsquo;apprendre la reliure?<\/h2>\n\n\n\n<hr class=\"wp-block-separator aligncenter has-alpha-channel-opacity is-style-twentytwentyone-separator-thick\"\/>\n\n\n\n<p class=\"has-text-align-left\">D\u00e9couvrez des techniques de reliure accessibles et originales et venez apprendre \u00e0 fabriquer vos carnets de notes, votre portfolio ou vos bo\u00eetes vous-m\u00eame\u2009! <br><br>La reliure est un m\u00e9tier d&rsquo;art exigeant. Si on peut s&rsquo;y initier facilement via des ressources en ligne, il est n\u00e9cessaire de venir apprendre aupr\u00e8s de professionnels, pour mieux d\u00e9velopper ses comp\u00e9tences.<br><br>L&rsquo;atelier vous  donc propose une vaste gamme de cours de reliure et de cartonnage (fabrication de boites en carton), qui s&rsquo;adresse \u00e0 tous les niveaux, de d\u00e9butant \u00e0 confirm\u00e9, et vous donne des conseils pour devenir autonome. <br><br>L&rsquo;atelier offre \u00e9galement des formations personnalis\u00e9es en reliure, cartonnage et conservation pr\u00e9ventive pour vos projets artistiques et professionnels. <br><br>N&rsquo;h\u00e9sitez pas contacter l&rsquo;atelier pour plus d&rsquo;informations.<\/p>\n\n\n\n<div class=\"wp-block-buttons is-content-justification-center is-layout-flex wp-container-core-buttons-is-layout-a89b3969 wp-block-buttons-is-layout-flex\">\n<div class=\"wp-block-button\"><a class=\"wp-block-button__link has-text-align-center wp-element-button\" href=\"https:\/\/delphineplatten.com\/en\/contactez-nous\/\">Contact the studio<\/a><\/div>\n<\/div>\n\n\n\n<div style=\"height:50px\" aria-hidden=\"true\" class=\"wp-block-spacer\"><\/div>\n<\/div>\n\n\n\n<p><\/p>","protected":false},"excerpt":{"rendered":"<p>Delphine Platten ATELIER DE RELIURE \u00c0 MONTR\u00c9AL Restauration et cr\u00e9ation de reliures et bo\u00eetes sur-mesure. Le savoir-faire traditionnel au service de la reliure contemporaine. Les services sur-mesure Vous cherchez un atelier de reliure \u00e0 Montr\u00e9al ? L&rsquo;atelier cr\u00e9e des livres,&hellip; <a class=\"more-link\" href=\"https:\/\/delphineplatten.com\/en\/\">Continuer \u00e0 lire&#8230;<\/a><\/p>","protected":false},"author":1,"featured_media":29,"parent":0,"menu_order":0,"comment_status":"closed","ping_status":"closed","template":"","meta":{"_coblocks_attr":"","_coblocks_dimensions":"","_coblocks_responsive_height":"","_coblocks_accordion_ie_support":"","footnotes":""},"class_list":["post-24","page","type-page","status-publish","has-post-thumbnail","hentry","entry"],"yoast_head":"<!-- This site is optimized with the Yoast SEO plugin v27.4 - https:\/\/yoast.com\/product\/yoast-seo-wordpress\/ -->\n<title>Atelier de reliure \u00e0 Montr\u00e9al<\/title>\n<meta name=\"description\" content=\"L&#039;atelier de reliure Delphine Platten \u00e0 Montr\u00e9al vous propose des reliures et des boites sur-mesure, de la restauration de livres anciens et des cours.\" \/>\n<meta name=\"robots\" content=\"index, follow, max-snippet:-1, max-image-preview:large, max-video-preview:-1\" \/>\n<link rel=\"canonical\" href=\"https:\/\/delphineplatten.com\/en\/\" \/>\n<meta property=\"og:locale\" content=\"en_US\" \/>\n<meta property=\"og:type\" content=\"article\" \/>\n<meta property=\"og:title\" content=\"Atelier de reliure \u00e0 Montr\u00e9al\" \/>\n<meta property=\"og:description\" content=\"L&#039;atelier de reliure Delphine Platten \u00e0 Montr\u00e9al vous propose des reliures et des boites sur-mesure, de la restauration de livres anciens et des cours.\" \/>\n<meta property=\"og:url\" content=\"https:\/\/delphineplatten.com\/en\/\" \/>\n<meta property=\"og:site_name\" content=\"Delphine Platten\" \/>\n<meta property=\"article:publisher\" content=\"https:\/\/www.facebook.com\/DelphinePlattenReliure\" \/>\n<meta property=\"article:modified_time\" content=\"2025-03-25T20:53:43+00:00\" \/>\n<meta property=\"og:image\" content=\"https:\/\/delphineplatten.com\/wp-content\/uploads\/2023\/06\/Delphine-Platten-Lentreprise.jpg\" \/>\n\t<meta property=\"og:image:width\" content=\"1500\" \/>\n\t<meta property=\"og:image:height\" content=\"844\" \/>\n\t<meta property=\"og:image:type\" content=\"image\/jpeg\" \/>\n<meta name=\"twitter:card\" content=\"summary_large_image\" \/>\n<meta name=\"twitter:label1\" content=\"Est. reading time\" \/>\n\t<meta name=\"twitter:data1\" content=\"3 minutes\" \/>\n<script type=\"application\/ld+json\" class=\"yoast-schema-graph\">{\"@context\":\"https:\\\/\\\/schema.org\",\"@graph\":[{\"@type\":\"WebPage\",\"@id\":\"https:\\\/\\\/delphineplatten.com\\\/\",\"url\":\"https:\\\/\\\/delphineplatten.com\\\/\",\"name\":\"Atelier de reliure \u00e0 Montr\u00e9al\",\"isPartOf\":{\"@id\":\"https:\\\/\\\/delphineplatten.com\\\/#website\"},\"primaryImageOfPage\":{\"@id\":\"https:\\\/\\\/delphineplatten.com\\\/#primaryimage\"},\"image\":{\"@id\":\"https:\\\/\\\/delphineplatten.com\\\/#primaryimage\"},\"thumbnailUrl\":\"https:\\\/\\\/delphineplatten.com\\\/wp-content\\\/uploads\\\/2023\\\/06\\\/Delphine-Platten-Lentreprise.jpg\",\"datePublished\":\"2023-06-14T22:50:35+00:00\",\"dateModified\":\"2025-03-25T20:53:43+00:00\",\"description\":\"L'atelier de reliure Delphine Platten \u00e0 Montr\u00e9al vous propose des reliures et des boites sur-mesure, de la restauration de livres anciens et des cours.\",\"breadcrumb\":{\"@id\":\"https:\\\/\\\/delphineplatten.com\\\/#breadcrumb\"},\"inLanguage\":\"en-CA\",\"potentialAction\":[{\"@type\":\"ReadAction\",\"target\":[\"https:\\\/\\\/delphineplatten.com\\\/\"]}]},{\"@type\":\"ImageObject\",\"inLanguage\":\"en-CA\",\"@id\":\"https:\\\/\\\/delphineplatten.com\\\/#primaryimage\",\"url\":\"https:\\\/\\\/delphineplatten.com\\\/wp-content\\\/uploads\\\/2023\\\/06\\\/Delphine-Platten-Lentreprise.jpg\",\"contentUrl\":\"https:\\\/\\\/delphineplatten.com\\\/wp-content\\\/uploads\\\/2023\\\/06\\\/Delphine-Platten-Lentreprise.jpg\",\"width\":1500,\"height\":844,\"caption\":\"Accueil - Atelier de Reliure Moderne\"},{\"@type\":\"BreadcrumbList\",\"@id\":\"https:\\\/\\\/delphineplatten.com\\\/#breadcrumb\",\"itemListElement\":[{\"@type\":\"ListItem\",\"position\":1,\"name\":\"Accueil\",\"item\":\"https:\\\/\\\/delphineplatten.com\\\/\"},{\"@type\":\"ListItem\",\"position\":2,\"name\":\"Accueil\"}]},{\"@type\":\"WebSite\",\"@id\":\"https:\\\/\\\/delphineplatten.com\\\/#website\",\"url\":\"https:\\\/\\\/delphineplatten.com\\\/\",\"name\":\"Delphine Platten\",\"description\":\"Atelier de reliure moderne\",\"publisher\":{\"@id\":\"https:\\\/\\\/delphineplatten.com\\\/#organization\"},\"potentialAction\":[{\"@type\":\"SearchAction\",\"target\":{\"@type\":\"EntryPoint\",\"urlTemplate\":\"https:\\\/\\\/delphineplatten.com\\\/?s={search_term_string}\"},\"query-input\":{\"@type\":\"PropertyValueSpecification\",\"valueRequired\":true,\"valueName\":\"search_term_string\"}}],\"inLanguage\":\"en-CA\"},{\"@type\":\"Organization\",\"@id\":\"https:\\\/\\\/delphineplatten.com\\\/#organization\",\"name\":\"Delphine Platten\",\"url\":\"https:\\\/\\\/delphineplatten.com\\\/\",\"logo\":{\"@type\":\"ImageObject\",\"inLanguage\":\"en-CA\",\"@id\":\"https:\\\/\\\/delphineplatten.com\\\/#\\\/schema\\\/logo\\\/image\\\/\",\"url\":\"https:\\\/\\\/delphineplatten.com\\\/wp-content\\\/uploads\\\/2023\\\/06\\\/Delphine_Platten_Logo.png\",\"contentUrl\":\"https:\\\/\\\/delphineplatten.com\\\/wp-content\\\/uploads\\\/2023\\\/06\\\/Delphine_Platten_Logo.png\",\"width\":320,\"height\":320,\"caption\":\"Delphine Platten\"},\"image\":{\"@id\":\"https:\\\/\\\/delphineplatten.com\\\/#\\\/schema\\\/logo\\\/image\\\/\"},\"sameAs\":[\"https:\\\/\\\/www.facebook.com\\\/DelphinePlattenReliure\"]}]}<\/script>\n<!-- \/ Yoast SEO plugin. -->","yoast_head_json":{"title":"Atelier de reliure \u00e0 Montr\u00e9al","description":"L'atelier de reliure Delphine Platten \u00e0 Montr\u00e9al vous propose des reliures et des boites sur-mesure, de la restauration de livres anciens et des cours.","robots":{"index":"index","follow":"follow","max-snippet":"max-snippet:-1","max-image-preview":"max-image-preview:large","max-video-preview":"max-video-preview:-1"},"canonical":"https:\/\/delphineplatten.com\/en\/","og_locale":"en_US","og_type":"article","og_title":"Atelier de reliure \u00e0 Montr\u00e9al","og_description":"L'atelier de reliure Delphine Platten \u00e0 Montr\u00e9al vous propose des reliures et des boites sur-mesure, de la restauration de livres anciens et des cours.","og_url":"https:\/\/delphineplatten.com\/en\/","og_site_name":"Delphine Platten","article_publisher":"https:\/\/www.facebook.com\/DelphinePlattenReliure","article_modified_time":"2025-03-25T20:53:43+00:00","og_image":[{"width":1500,"height":844,"url":"https:\/\/delphineplatten.com\/wp-content\/uploads\/2023\/06\/Delphine-Platten-Lentreprise.jpg","type":"image\/jpeg"}],"twitter_card":"summary_large_image","twitter_misc":{"Est. reading time":"3 minutes"},"schema":{"@context":"https:\/\/schema.org","@graph":[{"@type":"WebPage","@id":"https:\/\/delphineplatten.com\/","url":"https:\/\/delphineplatten.com\/","name":"Atelier de reliure \u00e0 Montr\u00e9al","isPartOf":{"@id":"https:\/\/delphineplatten.com\/#website"},"primaryImageOfPage":{"@id":"https:\/\/delphineplatten.com\/#primaryimage"},"image":{"@id":"https:\/\/delphineplatten.com\/#primaryimage"},"thumbnailUrl":"https:\/\/delphineplatten.com\/wp-content\/uploads\/2023\/06\/Delphine-Platten-Lentreprise.jpg","datePublished":"2023-06-14T22:50:35+00:00","dateModified":"2025-03-25T20:53:43+00:00","description":"L'atelier de reliure Delphine Platten \u00e0 Montr\u00e9al vous propose des reliures et des boites sur-mesure, de la restauration de livres anciens et des cours.","breadcrumb":{"@id":"https:\/\/delphineplatten.com\/#breadcrumb"},"inLanguage":"en-CA","potentialAction":[{"@type":"ReadAction","target":["https:\/\/delphineplatten.com\/"]}]},{"@type":"ImageObject","inLanguage":"en-CA","@id":"https:\/\/delphineplatten.com\/#primaryimage","url":"https:\/\/delphineplatten.com\/wp-content\/uploads\/2023\/06\/Delphine-Platten-Lentreprise.jpg","contentUrl":"https:\/\/delphineplatten.com\/wp-content\/uploads\/2023\/06\/Delphine-Platten-Lentreprise.jpg","width":1500,"height":844,"caption":"Accueil - Atelier de Reliure Moderne"},{"@type":"BreadcrumbList","@id":"https:\/\/delphineplatten.com\/#breadcrumb","itemListElement":[{"@type":"ListItem","position":1,"name":"Accueil","item":"https:\/\/delphineplatten.com\/"},{"@type":"ListItem","position":2,"name":"Accueil"}]},{"@type":"WebSite","@id":"https:\/\/delphineplatten.com\/#website","url":"https:\/\/delphineplatten.com\/","name":"Delphine Platten","description":"Atelier de reliure moderne","publisher":{"@id":"https:\/\/delphineplatten.com\/#organization"},"potentialAction":[{"@type":"SearchAction","target":{"@type":"EntryPoint","urlTemplate":"https:\/\/delphineplatten.com\/?s={search_term_string}"},"query-input":{"@type":"PropertyValueSpecification","valueRequired":true,"valueName":"search_term_string"}}],"inLanguage":"en-CA"},{"@type":"Organization","@id":"https:\/\/delphineplatten.com\/#organization","name":"Delphine Platten","url":"https:\/\/delphineplatten.com\/","logo":{"@type":"ImageObject","inLanguage":"en-CA","@id":"https:\/\/delphineplatten.com\/#\/schema\/logo\/image\/","url":"https:\/\/delphineplatten.com\/wp-content\/uploads\/2023\/06\/Delphine_Platten_Logo.png","contentUrl":"https:\/\/delphineplatten.com\/wp-content\/uploads\/2023\/06\/Delphine_Platten_Logo.png","width":320,"height":320,"caption":"Delphine Platten"},"image":{"@id":"https:\/\/delphineplatten.com\/#\/schema\/logo\/image\/"},"sameAs":["https:\/\/www.facebook.com\/DelphinePlattenReliure"]}]}},"_links":{"self":[{"href":"https:\/\/delphineplatten.com\/en\/wp-json\/wp\/v2\/pages\/24","targetHints":{"allow":["GET"]}}],"collection":[{"href":"https:\/\/delphineplatten.com\/en\/wp-json\/wp\/v2\/pages"}],"about":[{"href":"https:\/\/delphineplatten.com\/en\/wp-json\/wp\/v2\/types\/page"}],"author":[{"embeddable":true,"href":"https:\/\/delphineplatten.com\/en\/wp-json\/wp\/v2\/users\/1"}],"replies":[{"embeddable":true,"href":"https:\/\/delphineplatten.com\/en\/wp-json\/wp\/v2\/comments?post=24"}],"version-history":[{"count":69,"href":"https:\/\/delphineplatten.com\/en\/wp-json\/wp\/v2\/pages\/24\/revisions"}],"predecessor-version":[{"id":4528,"href":"https:\/\/delphineplatten.com\/en\/wp-json\/wp\/v2\/pages\/24\/revisions\/4528"}],"wp:featuredmedia":[{"embeddable":true,"href":"https:\/\/delphineplatten.com\/en\/wp-json\/wp\/v2\/media\/29"}],"wp:attachment":[{"href":"https:\/\/delphineplatten.com\/en\/wp-json\/wp\/v2\/media?parent=24"}],"curies":[{"name":"wp","href":"https:\/\/api.w.org\/{rel}","templated":true}]}}