{"id":120,"date":"2023-06-16T15:51:43","date_gmt":"2023-06-16T15:51:43","guid":{"rendered":"http:\/\/74n.71b.mywebsitetransfer.com\/?page_id=120"},"modified":"2025-03-25T16:49:38","modified_gmt":"2025-03-25T20:49:38","slug":"latelier","status":"publish","type":"page","link":"https:\/\/delphineplatten.com\/en\/latelier\/","title":{"rendered":"The studio"},"content":{"rendered":"<div class=\"wp-block-media-text alignwide is-stacked-on-mobile is-vertically-aligned-bottom is-style-default\" style=\"grid-template-columns:65% auto\"><figure class=\"wp-block-media-text__media\"><img loading=\"lazy\" decoding=\"async\" width=\"1024\" height=\"576\" src=\"http:\/\/delphineplatten.com\/wp-content\/uploads\/2023\/06\/Delphine-Platten-Latelier-1024x576.jpg\" alt=\"Delphine Platten - L'atelier\" class=\"wp-image-172 size-full\" srcset=\"https:\/\/delphineplatten.com\/wp-content\/uploads\/2023\/06\/Delphine-Platten-Latelier-1024x576.jpg 1024w, https:\/\/delphineplatten.com\/wp-content\/uploads\/2023\/06\/Delphine-Platten-Latelier-300x169.jpg 300w, https:\/\/delphineplatten.com\/wp-content\/uploads\/2023\/06\/Delphine-Platten-Latelier-768x432.jpg 768w, https:\/\/delphineplatten.com\/wp-content\/uploads\/2023\/06\/Delphine-Platten-Latelier-18x10.jpg 18w, https:\/\/delphineplatten.com\/wp-content\/uploads\/2023\/06\/Delphine-Platten-Latelier-600x338.jpg 600w, https:\/\/delphineplatten.com\/wp-content\/uploads\/2023\/06\/Delphine-Platten-Latelier.jpg 1200w\" sizes=\"auto, (max-width: 1024px) 100vw, 1024px\" \/><\/figure><div class=\"wp-block-media-text__content\">\n<div class=\"wp-block-group coblocks-animate is-content-justification-left is-layout-constrained wp-container-core-group-is-layout-12dd3699 wp-block-group-is-layout-constrained\" data-coblocks-animation=\"slideInRight\">\n<p style=\"font-size:1.5rem\">L&rsquo;atelier de reliure<\/p>\n\n\n\n<hr class=\"wp-block-separator has-alpha-channel-opacity is-style-twentytwentyone-separator-thick\"\/>\n<\/div>\n\n\n\n<p class=\"coblocks-animate\" data-coblocks-animation=\"fadeIn\">L\u2019atelier de reliure se situe en plein c\u0153ur de Montr\u00e9al, dans Rosemont-La-petite-Patrie.<br>Dans cet espace d\u00e9di\u00e9 aux arts du livre, l\u2019\u00e9quipement traditionnel est au service de la modernit\u00e9. S&rsquo;y&nbsp;c\u00f4toient cisailles, presse \u00e0 percussion, machine \u00e0 titrer, fers \u00e0 dorer, cousoir, \u00e9taux et m\u00eame une machine assist\u00e9e par ordinateur pour la d\u00e9coupe de formes complexes.<\/p>\n<\/div><\/div>\n\n\n\n<div style=\"height:100px\" aria-hidden=\"true\" class=\"wp-block-spacer\"><\/div>\n\n\n\n<div class=\"wp-block-group alignwide is-layout-constrained wp-container-core-group-is-layout-9dabf720 wp-block-group-is-layout-constrained\">\n<div class=\"wp-block-media-text alignwide has-media-on-the-right is-stacked-on-mobile is-style-overlap\" style=\"grid-template-columns:auto 60%\"><div class=\"wp-block-media-text__content\">\n<div class=\"wp-block-group coblocks-animate is-content-justification-left is-layout-constrained wp-container-core-group-is-layout-12dd3699 wp-block-group-is-layout-constrained\" data-coblocks-animation=\"slideInLeft\">\n<p class=\"has-text-align-left has-large-font-size translation-block\" style=\"font-style:normal;font-weight:300\">A <strong>CREATIVE<\/strong> space<\/p>\n\n\n\n<hr class=\"wp-block-separator alignwide has-alpha-channel-opacity is-style-twentytwentyone-separator-thick\"\/>\n<\/div>\n\n\n\n<p class=\"has-text-align-left coblocks-animate\" data-coblocks-animation=\"fadeIn\">... where each project takes shape.<\/p>\n\n\n\n<p class=\"has-text-align-left coblocks-animate\" data-coblocks-animation=\"fadeIn\"><br>Tout est fait \u00e0 la main, dans l&rsquo;atelier, dans le respect des techniques<br>traditionnelles, avec une touche contemporaine. <\/p>\n<\/div><figure class=\"wp-block-media-text__media\"><img loading=\"lazy\" decoding=\"async\" width=\"1024\" height=\"576\" src=\"http:\/\/delphineplatten.com\/wp-content\/uploads\/2023\/06\/Delphine-Platten-Latelier-Kwikprint-1024x576.jpg\" alt=\"Delphine Platten -  Kwikprint\" class=\"wp-image-174 size-full\" srcset=\"https:\/\/delphineplatten.com\/wp-content\/uploads\/2023\/06\/Delphine-Platten-Latelier-Kwikprint-1024x576.jpg 1024w, https:\/\/delphineplatten.com\/wp-content\/uploads\/2023\/06\/Delphine-Platten-Latelier-Kwikprint-300x169.jpg 300w, https:\/\/delphineplatten.com\/wp-content\/uploads\/2023\/06\/Delphine-Platten-Latelier-Kwikprint-768x432.jpg 768w, https:\/\/delphineplatten.com\/wp-content\/uploads\/2023\/06\/Delphine-Platten-Latelier-Kwikprint-18x10.jpg 18w, https:\/\/delphineplatten.com\/wp-content\/uploads\/2023\/06\/Delphine-Platten-Latelier-Kwikprint-600x338.jpg 600w, https:\/\/delphineplatten.com\/wp-content\/uploads\/2023\/06\/Delphine-Platten-Latelier-Kwikprint.jpg 1200w\" sizes=\"auto, (max-width: 1024px) 100vw, 1024px\" \/><\/figure><\/div>\n<\/div>\n\n\n\n<div style=\"height:100px\" aria-hidden=\"true\" class=\"wp-block-spacer\"><\/div>\n\n\n\n<div class=\"wp-block-group alignwide is-layout-flow wp-block-group-is-layout-flow\">\n<div class=\"wp-block-media-text alignwide is-stacked-on-mobile is-style-overlap\" style=\"grid-template-columns:60% auto\"><figure class=\"wp-block-media-text__media\"><img loading=\"lazy\" decoding=\"async\" width=\"1024\" height=\"577\" src=\"http:\/\/delphineplatten.com\/wp-content\/uploads\/2023\/06\/Delphine-Platten-Latelier-Toiles-et-cuir-1024x577.jpg\" alt=\"Delphine Platten - Toiles et cuir\" class=\"wp-image-175 size-full\" srcset=\"https:\/\/delphineplatten.com\/wp-content\/uploads\/2023\/06\/Delphine-Platten-Latelier-Toiles-et-cuir-1024x577.jpg 1024w, https:\/\/delphineplatten.com\/wp-content\/uploads\/2023\/06\/Delphine-Platten-Latelier-Toiles-et-cuir-300x169.jpg 300w, https:\/\/delphineplatten.com\/wp-content\/uploads\/2023\/06\/Delphine-Platten-Latelier-Toiles-et-cuir-768x433.jpg 768w, https:\/\/delphineplatten.com\/wp-content\/uploads\/2023\/06\/Delphine-Platten-Latelier-Toiles-et-cuir-18x10.jpg 18w, https:\/\/delphineplatten.com\/wp-content\/uploads\/2023\/06\/Delphine-Platten-Latelier-Toiles-et-cuir-600x338.jpg 600w, https:\/\/delphineplatten.com\/wp-content\/uploads\/2023\/06\/Delphine-Platten-Latelier-Toiles-et-cuir.jpg 1200w\" sizes=\"auto, (max-width: 1024px) 100vw, 1024px\" \/><\/figure><div class=\"wp-block-media-text__content\">\n<div class=\"wp-block-group alignwide coblocks-animate is-content-justification-right is-layout-constrained wp-container-core-group-is-layout-f1f2ed93 wp-block-group-is-layout-constrained\" data-coblocks-animation=\"slideInRight\">\n<p class=\"has-text-align-right has-large-font-size translation-block\" style=\"font-style:normal;font-weight:300\">A space of <strong>CONSULTATION<\/strong><\/p>\n\n\n\n<hr class=\"wp-block-separator alignwide has-alpha-channel-opacity is-style-twentytwentyone-separator-thick\"\/>\n<\/div>\n\n\n\n<p class=\"has-text-align-right coblocks-animate\" data-coblocks-animation=\"fadeIn\">... to see and touch prototypes &amp; materials.<\/p>\n\n\n\n<p class=\"has-text-align-right coblocks-animate\" data-coblocks-animation=\"fadeIn\"><br>L&rsquo;atelier choisit les mat\u00e9riaux les plus nobles, en provenance<br>d&rsquo;Am\u00e9rique du Nord, d&rsquo;Europe ou du Japon et respecte les normes<br>les plus exigeantes.\u00a0<\/p>\n<\/div><\/div>\n<\/div>\n\n\n\n<div style=\"height:100px\" aria-hidden=\"true\" class=\"wp-block-spacer\"><\/div>\n\n\n\n<div class=\"wp-block-group alignwide is-layout-constrained wp-container-core-group-is-layout-9dabf720 wp-block-group-is-layout-constrained\">\n<div class=\"wp-block-media-text alignwide has-media-on-the-right is-stacked-on-mobile is-style-overlap\" style=\"grid-template-columns:auto 60%\"><div class=\"wp-block-media-text__content\">\n<div class=\"wp-block-group alignwide coblocks-animate is-content-justification-left is-layout-constrained wp-container-core-group-is-layout-12dd3699 wp-block-group-is-layout-constrained\" data-coblocks-animation=\"slideInLeft\">\n<p class=\"has-text-align-left has-large-font-size translation-block\" style=\"font-style:normal;font-weight:300\">A space for <strong>LEARNING<\/strong><\/p>\n\n\n\n<hr class=\"wp-block-separator alignwide has-alpha-channel-opacity is-style-twentytwentyone-separator-thick\"\/>\n<\/div>\n\n\n\n<p class=\"has-text-align-left coblocks-animate\" data-coblocks-animation=\"fadeIn\">\u2026to learn and work at your own pace.<\/p>\n\n\n\n<p>L&rsquo;atelier offre de nombreux cours, formations,<br>et la possibilit\u00e9 de venir travailler en autonomie.<\/p>\n<\/div><figure class=\"wp-block-media-text__media\"><img loading=\"lazy\" decoding=\"async\" width=\"1024\" height=\"576\" src=\"http:\/\/delphineplatten.com\/wp-content\/uploads\/2023\/06\/Delphine-Platten-Latelier-Etau-1024x576.jpg\" alt=\"Delphine Platten - E\u0301tau\" class=\"wp-image-183 size-full\" srcset=\"https:\/\/delphineplatten.com\/wp-content\/uploads\/2023\/06\/Delphine-Platten-Latelier-Etau-1024x576.jpg 1024w, https:\/\/delphineplatten.com\/wp-content\/uploads\/2023\/06\/Delphine-Platten-Latelier-Etau-300x169.jpg 300w, https:\/\/delphineplatten.com\/wp-content\/uploads\/2023\/06\/Delphine-Platten-Latelier-Etau-768x432.jpg 768w, https:\/\/delphineplatten.com\/wp-content\/uploads\/2023\/06\/Delphine-Platten-Latelier-Etau-18x10.jpg 18w, https:\/\/delphineplatten.com\/wp-content\/uploads\/2023\/06\/Delphine-Platten-Latelier-Etau-600x338.jpg 600w, https:\/\/delphineplatten.com\/wp-content\/uploads\/2023\/06\/Delphine-Platten-Latelier-Etau.jpg 1200w\" sizes=\"auto, (max-width: 1024px) 100vw, 1024px\" \/><\/figure><\/div>\n<\/div>\n\n\n\n<div style=\"height:100px\" aria-hidden=\"true\" class=\"wp-block-spacer\"><\/div>\n\n\n\n<div class=\"wp-block-columns coblocks-animate is-layout-flex wp-container-core-columns-is-layout-28f84493 wp-block-columns-is-layout-flex\" data-coblocks-animation=\"fadeIn\">\n<div class=\"wp-block-column is-layout-constrained wp-container-core-column-is-layout-4d0d0a75 wp-block-column-is-layout-constrained\">\n<div class=\"wp-block-group alignwide is-layout-constrained wp-block-group-is-layout-constrained\">\n<p class=\"has-text-align-center\">DELPHINE PLATTEN &#8211; ATELIER DE RELIURE<\/p>\n\n\n\n<div style=\"height:10px\" aria-hidden=\"true\" class=\"wp-block-spacer\"><\/div>\n\n\n\n<hr class=\"wp-block-separator alignwide has-alpha-channel-opacity\"\/>\n\n\n\n<div style=\"height:10px\" aria-hidden=\"true\" class=\"wp-block-spacer\"><\/div>\n\n\n\n<p class=\"has-text-align-center\"><a href=\"https:\/\/www.coopmadaam.com\/\">Coop MADAAM<\/a><br>5709 avenue Papineau, #103<br>Montr\u00e9al, H2G 2W2<br>Qu\u00e9bec, Canada<\/p>\n\n\n\n<div style=\"height:30px\" aria-hidden=\"true\" class=\"wp-block-spacer\"><\/div>\n<\/div>\n<\/div>\n<\/div>\n\n\n\n<div class=\"wp-block-buttons is-content-justification-center is-layout-flex wp-container-core-buttons-is-layout-a89b3969 wp-block-buttons-is-layout-flex\">\n<div class=\"wp-block-button\"><a class=\"wp-block-button__link has-text-align-center wp-element-button\" href=\"https:\/\/delphineplatten.com\/en\/contactez-nous\/\">Contact the studio<\/a><\/div>\n<\/div>","protected":false},"excerpt":{"rendered":"<p>Un espace de CR\u00c9ATION &#8230; o\u00f9 chaque \u0153uvre prend forme. Tout est fait \u00e0 la main, dans l&rsquo;atelier, dans le respect des techniquestraditionnelles, avec une touche contemporaine. Un espace de CONSULTATION &#8230; pour voir et toucher les prototypes et les&hellip; <a class=\"more-link\" href=\"https:\/\/delphineplatten.com\/en\/latelier\/\">Continuer \u00e0 lire&#8230;<\/a><\/p>","protected":false},"author":1,"featured_media":172,"parent":0,"menu_order":1,"comment_status":"closed","ping_status":"closed","template":"","meta":{"_coblocks_attr":"","_coblocks_dimensions":"","_coblocks_responsive_height":"","_coblocks_accordion_ie_support":"","footnotes":""},"class_list":["post-120","page","type-page","status-publish","has-post-thumbnail","hentry","entry"],"yoast_head":"<!-- This site is optimized with the Yoast SEO plugin v27.4 - https:\/\/yoast.com\/product\/yoast-seo-wordpress\/ -->\n<title>Atelier de reliure \u00e0 Montr\u00e9al<\/title>\n<meta name=\"description\" content=\"L&#039;atelier de reliure Delphine Platten est un espace de cr\u00e9ation et d&#039;apprentissage des arts du livres, bas\u00e9 \u00e0 Montr\u00e9al et ouvert au public.\" \/>\n<meta name=\"robots\" content=\"index, follow, max-snippet:-1, max-image-preview:large, max-video-preview:-1\" \/>\n<link rel=\"canonical\" href=\"https:\/\/delphineplatten.com\/en\/latelier\/\" \/>\n<meta property=\"og:locale\" content=\"en_US\" \/>\n<meta property=\"og:type\" content=\"article\" \/>\n<meta property=\"og:title\" content=\"Atelier de reliure \u00e0 Montr\u00e9al\" \/>\n<meta property=\"og:description\" content=\"L&#039;atelier de reliure Delphine Platten est un espace de cr\u00e9ation et d&#039;apprentissage des arts du livres, bas\u00e9 \u00e0 Montr\u00e9al et ouvert au public.\" \/>\n<meta property=\"og:url\" content=\"https:\/\/delphineplatten.com\/en\/latelier\/\" \/>\n<meta property=\"og:site_name\" content=\"Delphine Platten\" \/>\n<meta property=\"article:publisher\" content=\"https:\/\/www.facebook.com\/DelphinePlattenReliure\" \/>\n<meta property=\"article:modified_time\" content=\"2025-03-25T20:49:38+00:00\" \/>\n<meta property=\"og:image\" content=\"https:\/\/delphineplatten.com\/wp-content\/uploads\/2023\/06\/Delphine-Platten-Latelier.jpg\" \/>\n\t<meta property=\"og:image:width\" content=\"1200\" \/>\n\t<meta property=\"og:image:height\" content=\"675\" \/>\n\t<meta property=\"og:image:type\" content=\"image\/jpeg\" \/>\n<meta name=\"twitter:card\" content=\"summary_large_image\" \/>\n<meta name=\"twitter:label1\" content=\"Est. reading time\" \/>\n\t<meta name=\"twitter:data1\" content=\"2 minutes\" \/>\n<script type=\"application\/ld+json\" class=\"yoast-schema-graph\">{\"@context\":\"https:\\\/\\\/schema.org\",\"@graph\":[{\"@type\":\"WebPage\",\"@id\":\"https:\\\/\\\/delphineplatten.com\\\/en\\\/latelier\\\/\",\"url\":\"https:\\\/\\\/delphineplatten.com\\\/en\\\/latelier\\\/\",\"name\":\"Atelier de reliure \u00e0 Montr\u00e9al\",\"isPartOf\":{\"@id\":\"https:\\\/\\\/delphineplatten.com\\\/#website\"},\"primaryImageOfPage\":{\"@id\":\"https:\\\/\\\/delphineplatten.com\\\/en\\\/latelier\\\/#primaryimage\"},\"image\":{\"@id\":\"https:\\\/\\\/delphineplatten.com\\\/en\\\/latelier\\\/#primaryimage\"},\"thumbnailUrl\":\"https:\\\/\\\/delphineplatten.com\\\/wp-content\\\/uploads\\\/2023\\\/06\\\/Delphine-Platten-Latelier.jpg\",\"datePublished\":\"2023-06-16T15:51:43+00:00\",\"dateModified\":\"2025-03-25T20:49:38+00:00\",\"description\":\"L'atelier de reliure Delphine Platten est un espace de cr\u00e9ation et d'apprentissage des arts du livres, bas\u00e9 \u00e0 Montr\u00e9al et ouvert au public.\",\"breadcrumb\":{\"@id\":\"https:\\\/\\\/delphineplatten.com\\\/en\\\/latelier\\\/#breadcrumb\"},\"inLanguage\":\"en-CA\",\"potentialAction\":[{\"@type\":\"ReadAction\",\"target\":[\"https:\\\/\\\/delphineplatten.com\\\/en\\\/latelier\\\/\"]}]},{\"@type\":\"ImageObject\",\"inLanguage\":\"en-CA\",\"@id\":\"https:\\\/\\\/delphineplatten.com\\\/en\\\/latelier\\\/#primaryimage\",\"url\":\"https:\\\/\\\/delphineplatten.com\\\/wp-content\\\/uploads\\\/2023\\\/06\\\/Delphine-Platten-Latelier.jpg\",\"contentUrl\":\"https:\\\/\\\/delphineplatten.com\\\/wp-content\\\/uploads\\\/2023\\\/06\\\/Delphine-Platten-Latelier.jpg\",\"width\":1200,\"height\":675,\"caption\":\"Delphine Platten - L'atelier\"},{\"@type\":\"BreadcrumbList\",\"@id\":\"https:\\\/\\\/delphineplatten.com\\\/en\\\/latelier\\\/#breadcrumb\",\"itemListElement\":[{\"@type\":\"ListItem\",\"position\":1,\"name\":\"Accueil\",\"item\":\"https:\\\/\\\/delphineplatten.com\\\/\"},{\"@type\":\"ListItem\",\"position\":2,\"name\":\"L&rsquo;atelier\"}]},{\"@type\":\"WebSite\",\"@id\":\"https:\\\/\\\/delphineplatten.com\\\/#website\",\"url\":\"https:\\\/\\\/delphineplatten.com\\\/\",\"name\":\"Delphine Platten\",\"description\":\"Atelier de reliure moderne\",\"publisher\":{\"@id\":\"https:\\\/\\\/delphineplatten.com\\\/#organization\"},\"potentialAction\":[{\"@type\":\"SearchAction\",\"target\":{\"@type\":\"EntryPoint\",\"urlTemplate\":\"https:\\\/\\\/delphineplatten.com\\\/?s={search_term_string}\"},\"query-input\":{\"@type\":\"PropertyValueSpecification\",\"valueRequired\":true,\"valueName\":\"search_term_string\"}}],\"inLanguage\":\"en-CA\"},{\"@type\":\"Organization\",\"@id\":\"https:\\\/\\\/delphineplatten.com\\\/#organization\",\"name\":\"Delphine Platten\",\"url\":\"https:\\\/\\\/delphineplatten.com\\\/\",\"logo\":{\"@type\":\"ImageObject\",\"inLanguage\":\"en-CA\",\"@id\":\"https:\\\/\\\/delphineplatten.com\\\/#\\\/schema\\\/logo\\\/image\\\/\",\"url\":\"https:\\\/\\\/delphineplatten.com\\\/wp-content\\\/uploads\\\/2023\\\/06\\\/Delphine_Platten_Logo.png\",\"contentUrl\":\"https:\\\/\\\/delphineplatten.com\\\/wp-content\\\/uploads\\\/2023\\\/06\\\/Delphine_Platten_Logo.png\",\"width\":320,\"height\":320,\"caption\":\"Delphine Platten\"},\"image\":{\"@id\":\"https:\\\/\\\/delphineplatten.com\\\/#\\\/schema\\\/logo\\\/image\\\/\"},\"sameAs\":[\"https:\\\/\\\/www.facebook.com\\\/DelphinePlattenReliure\"]}]}<\/script>\n<!-- \/ Yoast SEO plugin. -->","yoast_head_json":{"title":"Atelier de reliure \u00e0 Montr\u00e9al","description":"L'atelier de reliure Delphine Platten est un espace de cr\u00e9ation et d'apprentissage des arts du livres, bas\u00e9 \u00e0 Montr\u00e9al et ouvert au public.","robots":{"index":"index","follow":"follow","max-snippet":"max-snippet:-1","max-image-preview":"max-image-preview:large","max-video-preview":"max-video-preview:-1"},"canonical":"https:\/\/delphineplatten.com\/en\/latelier\/","og_locale":"en_US","og_type":"article","og_title":"Atelier de reliure \u00e0 Montr\u00e9al","og_description":"L'atelier de reliure Delphine Platten est un espace de cr\u00e9ation et d'apprentissage des arts du livres, bas\u00e9 \u00e0 Montr\u00e9al et ouvert au public.","og_url":"https:\/\/delphineplatten.com\/en\/latelier\/","og_site_name":"Delphine Platten","article_publisher":"https:\/\/www.facebook.com\/DelphinePlattenReliure","article_modified_time":"2025-03-25T20:49:38+00:00","og_image":[{"width":1200,"height":675,"url":"https:\/\/delphineplatten.com\/wp-content\/uploads\/2023\/06\/Delphine-Platten-Latelier.jpg","type":"image\/jpeg"}],"twitter_card":"summary_large_image","twitter_misc":{"Est. reading time":"2 minutes"},"schema":{"@context":"https:\/\/schema.org","@graph":[{"@type":"WebPage","@id":"https:\/\/delphineplatten.com\/en\/latelier\/","url":"https:\/\/delphineplatten.com\/en\/latelier\/","name":"Atelier de reliure \u00e0 Montr\u00e9al","isPartOf":{"@id":"https:\/\/delphineplatten.com\/#website"},"primaryImageOfPage":{"@id":"https:\/\/delphineplatten.com\/en\/latelier\/#primaryimage"},"image":{"@id":"https:\/\/delphineplatten.com\/en\/latelier\/#primaryimage"},"thumbnailUrl":"https:\/\/delphineplatten.com\/wp-content\/uploads\/2023\/06\/Delphine-Platten-Latelier.jpg","datePublished":"2023-06-16T15:51:43+00:00","dateModified":"2025-03-25T20:49:38+00:00","description":"L'atelier de reliure Delphine Platten est un espace de cr\u00e9ation et d'apprentissage des arts du livres, bas\u00e9 \u00e0 Montr\u00e9al et ouvert au public.","breadcrumb":{"@id":"https:\/\/delphineplatten.com\/en\/latelier\/#breadcrumb"},"inLanguage":"en-CA","potentialAction":[{"@type":"ReadAction","target":["https:\/\/delphineplatten.com\/en\/latelier\/"]}]},{"@type":"ImageObject","inLanguage":"en-CA","@id":"https:\/\/delphineplatten.com\/en\/latelier\/#primaryimage","url":"https:\/\/delphineplatten.com\/wp-content\/uploads\/2023\/06\/Delphine-Platten-Latelier.jpg","contentUrl":"https:\/\/delphineplatten.com\/wp-content\/uploads\/2023\/06\/Delphine-Platten-Latelier.jpg","width":1200,"height":675,"caption":"Delphine Platten - L'atelier"},{"@type":"BreadcrumbList","@id":"https:\/\/delphineplatten.com\/en\/latelier\/#breadcrumb","itemListElement":[{"@type":"ListItem","position":1,"name":"Accueil","item":"https:\/\/delphineplatten.com\/"},{"@type":"ListItem","position":2,"name":"L&rsquo;atelier"}]},{"@type":"WebSite","@id":"https:\/\/delphineplatten.com\/#website","url":"https:\/\/delphineplatten.com\/","name":"Delphine Platten","description":"Atelier de reliure moderne","publisher":{"@id":"https:\/\/delphineplatten.com\/#organization"},"potentialAction":[{"@type":"SearchAction","target":{"@type":"EntryPoint","urlTemplate":"https:\/\/delphineplatten.com\/?s={search_term_string}"},"query-input":{"@type":"PropertyValueSpecification","valueRequired":true,"valueName":"search_term_string"}}],"inLanguage":"en-CA"},{"@type":"Organization","@id":"https:\/\/delphineplatten.com\/#organization","name":"Delphine Platten","url":"https:\/\/delphineplatten.com\/","logo":{"@type":"ImageObject","inLanguage":"en-CA","@id":"https:\/\/delphineplatten.com\/#\/schema\/logo\/image\/","url":"https:\/\/delphineplatten.com\/wp-content\/uploads\/2023\/06\/Delphine_Platten_Logo.png","contentUrl":"https:\/\/delphineplatten.com\/wp-content\/uploads\/2023\/06\/Delphine_Platten_Logo.png","width":320,"height":320,"caption":"Delphine Platten"},"image":{"@id":"https:\/\/delphineplatten.com\/#\/schema\/logo\/image\/"},"sameAs":["https:\/\/www.facebook.com\/DelphinePlattenReliure"]}]}},"_links":{"self":[{"href":"https:\/\/delphineplatten.com\/en\/wp-json\/wp\/v2\/pages\/120","targetHints":{"allow":["GET"]}}],"collection":[{"href":"https:\/\/delphineplatten.com\/en\/wp-json\/wp\/v2\/pages"}],"about":[{"href":"https:\/\/delphineplatten.com\/en\/wp-json\/wp\/v2\/types\/page"}],"author":[{"embeddable":true,"href":"https:\/\/delphineplatten.com\/en\/wp-json\/wp\/v2\/users\/1"}],"replies":[{"embeddable":true,"href":"https:\/\/delphineplatten.com\/en\/wp-json\/wp\/v2\/comments?post=120"}],"version-history":[{"count":35,"href":"https:\/\/delphineplatten.com\/en\/wp-json\/wp\/v2\/pages\/120\/revisions"}],"predecessor-version":[{"id":4527,"href":"https:\/\/delphineplatten.com\/en\/wp-json\/wp\/v2\/pages\/120\/revisions\/4527"}],"wp:featuredmedia":[{"embeddable":true,"href":"https:\/\/delphineplatten.com\/en\/wp-json\/wp\/v2\/media\/172"}],"wp:attachment":[{"href":"https:\/\/delphineplatten.com\/en\/wp-json\/wp\/v2\/media?parent=120"}],"curies":[{"name":"wp","href":"https:\/\/api.w.org\/{rel}","templated":true}]}}